{"id":460,"date":"2023-09-30T01:46:25","date_gmt":"2023-09-30T01:46:25","guid":{"rendered":"https:\/\/dongbo2008.com\/?post_type=product&#038;p=460"},"modified":"2024-09-18T02:41:02","modified_gmt":"2024-09-18T02:41:02","slug":"db323","status":"publish","type":"product","link":"https:\/\/dongbo2008.com\/es\/producto\/db323\/","title":{"rendered":"DB323: los mejores detectores de billetes falsos para mayoristas y distribuidores"},"content":{"rendered":"<p><img fetchpriority=\"high\" decoding=\"async\" class=\"alignnone size-full wp-image-461\" src=\"https:\/\/dongbo2008.com\/wp-content\/uploads\/2023\/09\/DB323.jpg\" alt=\"\" width=\"2480\" height=\"2129\" srcset=\"https:\/\/dongbo2008.com\/wp-content\/uploads\/2023\/09\/DB323.jpg 2480w, https:\/\/dongbo2008.com\/wp-content\/uploads\/2023\/09\/DB323-300x258.jpg 300w, https:\/\/dongbo2008.com\/wp-content\/uploads\/2023\/09\/DB323-1024x879.jpg 1024w, https:\/\/dongbo2008.com\/wp-content\/uploads\/2023\/09\/DB323-768x659.jpg 768w, https:\/\/dongbo2008.com\/wp-content\/uploads\/2023\/09\/DB323-1536x1319.jpg 1536w, https:\/\/dongbo2008.com\/wp-content\/uploads\/2023\/09\/DB323-2048x1758.jpg 2048w, https:\/\/dongbo2008.com\/wp-content\/uploads\/2023\/09\/DB323-600x515.jpg 600w\" sizes=\"(max-width: 2480px) 100vw, 2480px\" \/><\/p>","protected":false},"excerpt":{"rendered":"<p>Monedas disponibles: Hasta 6 tipos de moneda, EURO, USD y otras<br \/>\nDirecci\u00f3n de inserci\u00f3n: una direcci\u00f3n<br \/>\nVelocidad de detecci\u00f3n: &lt;0,5 segundos\/pieza<br \/>\nTipo de pantalla: LED<br \/>\nDetecci\u00f3n de billetes falsos: IR, MG, marca de agua<br \/>\nDirecci\u00f3n de expulsi\u00f3n: atr\u00e1s o adelante<br \/>\nInterfaz de conectividad: RJ11 (con\u00e9ctese a la PC para actualizar el Discriminador)<br \/>\nFuente de alimentaci\u00f3n: Adaptador, entrada: AC100V~240V, 50\/60Hz; Salida CC 12 V, 1 A.<br \/>\nBater\u00eda (opcional): Ion de litio recargable de 12 V, 700 mAH (detecta alrededor de billetes de 2500 piezas)<br \/>\nConsumo de energ\u00eda: en espera, &lt;1W; Operaci\u00f3n: &lt; 10W<br \/>\nTemperatura ambiente: 0\u00b0C~40\u00b0C<br \/>\nHumedad relativa: 30%~80%<br \/>\nDimensi\u00f3n: 200 mm x 115 mm x 76 mm<br \/>\nPeso neto: 0,6 kg<br \/>\nEmbalaje: 12 unidades\/caja, 540 mm x 385 mm x 315 mm<br \/>\nPeso bruto: 12 kg<\/p>","protected":false},"featured_media":462,"template":"","meta":[],"product_brand":[],"product_cat":[20],"product_tag":[],"class_list":{"0":"post-460","1":"product","2":"type-product","3":"status-publish","4":"has-post-thumbnail","6":"product_cat-counterfeit-detector-series","8":"first","9":"instock","10":"shipping-taxable","11":"product-type-simple"},"_links":{"self":[{"href":"https:\/\/dongbo2008.com\/es\/wp-json\/wp\/v2\/product\/460","targetHints":{"allow":["GET"]}}],"collection":[{"href":"https:\/\/dongbo2008.com\/es\/wp-json\/wp\/v2\/product"}],"about":[{"href":"https:\/\/dongbo2008.com\/es\/wp-json\/wp\/v2\/types\/product"}],"wp:featuredmedia":[{"embeddable":true,"href":"https:\/\/dongbo2008.com\/es\/wp-json\/wp\/v2\/media\/462"}],"wp:attachment":[{"href":"https:\/\/dongbo2008.com\/es\/wp-json\/wp\/v2\/media?parent=460"}],"wp:term":[{"taxonomy":"product_brand","embeddable":true,"href":"https:\/\/dongbo2008.com\/es\/wp-json\/wp\/v2\/product_brand?post=460"},{"taxonomy":"product_cat","embeddable":true,"href":"https:\/\/dongbo2008.com\/es\/wp-json\/wp\/v2\/product_cat?post=460"},{"taxonomy":"product_tag","embeddable":true,"href":"https:\/\/dongbo2008.com\/es\/wp-json\/wp\/v2\/product_tag?post=460"}],"curies":[{"name":"wp","href":"https:\/\/api.w.org\/{rel}","templated":true}]}}