{"id":455,"date":"2023-09-30T00:54:23","date_gmt":"2023-09-30T00:54:23","guid":{"rendered":"https:\/\/dongbo2008.com\/?post_type=product&#038;p=455"},"modified":"2024-09-18T02:31:46","modified_gmt":"2024-09-18T02:31:46","slug":"350s","status":"publish","type":"product","link":"https:\/\/dongbo2008.com\/es\/producto\/350s\/","title":{"rendered":"Contadores de monedas 350S \u2013 2024 de los principales fabricantes"},"content":{"rendered":"<p><img fetchpriority=\"high\" decoding=\"async\" class=\"alignnone size-full wp-image-456\" src=\"https:\/\/dongbo2008.com\/wp-content\/uploads\/2023\/09\/350S.jpg\" alt=\"\" width=\"2513\" height=\"1310\" srcset=\"https:\/\/dongbo2008.com\/wp-content\/uploads\/2023\/09\/350S.jpg 2513w, https:\/\/dongbo2008.com\/wp-content\/uploads\/2023\/09\/350S-300x156.jpg 300w, https:\/\/dongbo2008.com\/wp-content\/uploads\/2023\/09\/350S-1024x534.jpg 1024w, https:\/\/dongbo2008.com\/wp-content\/uploads\/2023\/09\/350S-768x400.jpg 768w, https:\/\/dongbo2008.com\/wp-content\/uploads\/2023\/09\/350S-1536x801.jpg 1536w, https:\/\/dongbo2008.com\/wp-content\/uploads\/2023\/09\/350S-2048x1068.jpg 2048w, https:\/\/dongbo2008.com\/wp-content\/uploads\/2023\/09\/350S-600x313.jpg 600w\" sizes=\"(max-width: 2513px) 100vw, 2513px\" \/><\/p>","protected":false},"excerpt":{"rendered":"<p>Temperatura ambiente: 0\u00b0C~40\u00b0C<br \/>\nHumedad ambiental: 30~80%<br \/>\nCapacidad de tolva: 300~500 piezas<br \/>\nCapacidad de recepci\u00f3n de monedas: 80~150 piezas<br \/>\nVelocidad de conteo: Hasta 330 piezas\/minuto (M\u00c1X.)<br \/>\nPantalla de n\u00famero preestablecido de lote: LED de 3 d\u00edgitos<br \/>\nPantalla de n\u00fameros de conteo: LED de 4 d\u00edgitos<br \/>\nFuente de alimentaci\u00f3n: CA 220 V\/50 Hz, CA 110 V\/60 Hz.<br \/>\nConsumo de energ\u00eda: 45W (M\u00c1X.)<br \/>\ndimensi\u00f3n: 355 mm \u00d7 330 mm \u00d7 266 mm<br \/>\nPeso neto: 4,5 kg<\/p>","protected":false},"featured_media":457,"template":"","meta":[],"product_brand":[],"product_cat":[21],"product_tag":[],"class_list":{"0":"post-455","1":"product","2":"type-product","3":"status-publish","4":"has-post-thumbnail","6":"product_cat-coin-counter-series","8":"first","9":"instock","10":"shipping-taxable","11":"product-type-simple"},"_links":{"self":[{"href":"https:\/\/dongbo2008.com\/es\/wp-json\/wp\/v2\/product\/455","targetHints":{"allow":["GET"]}}],"collection":[{"href":"https:\/\/dongbo2008.com\/es\/wp-json\/wp\/v2\/product"}],"about":[{"href":"https:\/\/dongbo2008.com\/es\/wp-json\/wp\/v2\/types\/product"}],"wp:featuredmedia":[{"embeddable":true,"href":"https:\/\/dongbo2008.com\/es\/wp-json\/wp\/v2\/media\/457"}],"wp:attachment":[{"href":"https:\/\/dongbo2008.com\/es\/wp-json\/wp\/v2\/media?parent=455"}],"wp:term":[{"taxonomy":"product_brand","embeddable":true,"href":"https:\/\/dongbo2008.com\/es\/wp-json\/wp\/v2\/product_brand?post=455"},{"taxonomy":"product_cat","embeddable":true,"href":"https:\/\/dongbo2008.com\/es\/wp-json\/wp\/v2\/product_cat?post=455"},{"taxonomy":"product_tag","embeddable":true,"href":"https:\/\/dongbo2008.com\/es\/wp-json\/wp\/v2\/product_tag?post=455"}],"curies":[{"name":"wp","href":"https:\/\/api.w.org\/{rel}","templated":true}]}}