{"id":439,"date":"2023-09-30T00:46:51","date_gmt":"2023-09-30T00:46:51","guid":{"rendered":"https:\/\/dongbo2008.com\/?post_type=product&#038;p=439"},"modified":"2024-09-18T02:28:38","modified_gmt":"2024-09-18T02:28:38","slug":"db310","status":"publish","type":"product","link":"https:\/\/dongbo2008.com\/es\/producto\/db310\/","title":{"rendered":"DB310: Emisores de cheques econ\u00f3micos de los principales fabricantes chinos"},"content":{"rendered":"<p>Imprima 5 c\u00f3digos de moneda diferentes, como EUR, GBP, USD, RMB, HKD, etc.<br \/>\nOperaci\u00f3n del teclado, r\u00e1pida y precisa de usar.<br \/>\nPantalla LCD de 14 d\u00edgitos, clara y f\u00e1cil de comprobar el n\u00famero.<br \/>\nLas figuras claras en relieve y la tinta especial protegen contra alteraciones o falsificaciones.<br \/>\nEl n\u00famero de cheques emitidos y el monto total se memorizan autom\u00e1ticamente<br \/>\nLa misma cantidad se puede imprimir repetidamente, no se necesita una segunda entrada<br \/>\nLa posici\u00f3n de escritura es libre ajustando el cheque.<br \/>\nTecla \u201cRetroceso\u201d para modificar cualquier cifra ingresada incorrectamente<br \/>\nSe puede utilizar como calculadora. El c\u00e1lculo se puede imprimir inmediatamente.<\/p>","protected":false},"excerpt":{"rendered":"<p>Imprima 5 c\u00f3digos de moneda diferentes, como EUR, GBP, USD, HKD, etc.<\/p>\n<p>Dimensi\u00f3n: 245 mm x 185 mm x 105 mm<br \/>\nPeso neto: 2,2 kg<br \/>\nEmbalaje: 4 piezas\/cart\u00f3n<br \/>\nTama\u00f1o del cart\u00f3n: 520 mm x 300 mm x 345 mm<br \/>\nPeso bruto: 11,2 kg<br \/>\nFuente de alimentaci\u00f3n: AC110V, 60Hz o AC220V, 50Hz<br \/>\nConsumo de energ\u00eda: 20W durante el trabajo<\/p>","protected":false},"featured_media":630,"template":"","meta":[],"product_brand":[],"product_cat":[19],"product_tag":[],"class_list":{"0":"post-439","1":"product","2":"type-product","3":"status-publish","4":"has-post-thumbnail","6":"product_cat-check-writer-series","8":"first","9":"instock","10":"shipping-taxable","11":"product-type-simple"},"_links":{"self":[{"href":"https:\/\/dongbo2008.com\/es\/wp-json\/wp\/v2\/product\/439","targetHints":{"allow":["GET"]}}],"collection":[{"href":"https:\/\/dongbo2008.com\/es\/wp-json\/wp\/v2\/product"}],"about":[{"href":"https:\/\/dongbo2008.com\/es\/wp-json\/wp\/v2\/types\/product"}],"wp:featuredmedia":[{"embeddable":true,"href":"https:\/\/dongbo2008.com\/es\/wp-json\/wp\/v2\/media\/630"}],"wp:attachment":[{"href":"https:\/\/dongbo2008.com\/es\/wp-json\/wp\/v2\/media?parent=439"}],"wp:term":[{"taxonomy":"product_brand","embeddable":true,"href":"https:\/\/dongbo2008.com\/es\/wp-json\/wp\/v2\/product_brand?post=439"},{"taxonomy":"product_cat","embeddable":true,"href":"https:\/\/dongbo2008.com\/es\/wp-json\/wp\/v2\/product_cat?post=439"},{"taxonomy":"product_tag","embeddable":true,"href":"https:\/\/dongbo2008.com\/es\/wp-json\/wp\/v2\/product_tag?post=439"}],"curies":[{"name":"wp","href":"https:\/\/api.w.org\/{rel}","templated":true}]}}