{"id":429,"date":"2023-09-28T03:15:15","date_gmt":"2023-09-28T03:15:15","guid":{"rendered":"https:\/\/dongbo2008.com\/?post_type=product&#038;p=429"},"modified":"2024-09-18T02:27:23","modified_gmt":"2024-09-18T02:27:23","slug":"db310a","status":"publish","type":"product","link":"https:\/\/dongbo2008.com\/es\/producto\/db310a\/","title":{"rendered":"DB310A: Emisoras de cheques econ\u00f3micas de los mejores fabricantes chinos"},"content":{"rendered":"<p><strong>SOLO PARA MERCADO DOM\u00c9STICO<\/strong><\/p>\n<p>Operaci\u00f3n del teclado, r\u00e1pida y precisa de usar.<br \/>\nPantalla LCD de 14 d\u00edgitos, clara y f\u00e1cil de comprobar el n\u00famero.<br \/>\nLas figuras claras en relieve y la tinta especial protegen contra alteraciones o falsificaciones.<br \/>\nEl n\u00famero de cheques emitidos y el monto total se memorizan autom\u00e1ticamente<br \/>\nLa misma cantidad se puede imprimir repetidamente, no se necesita una segunda entrada<br \/>\nLa posici\u00f3n de escritura es libre ajustando el cheque.<br \/>\nTecla \u201cRetroceso\u201d para modificar cualquier cifra ingresada incorrectamente<br \/>\nSe puede utilizar como calculadora. El c\u00e1lculo se puede imprimir inmediatamente.<\/p>","protected":false},"excerpt":{"rendered":"<p>S\u00f3lo aplica para mercado nacional Impresora de cheques<\/p>\n<div>Dimensi\u00f3n: 245 mm x 185 mm x 105 mm<br \/>\nPeso neto: 2,2 kg<br \/>\nEmbalaje: 4 piezas\/cart\u00f3n<br \/>\nTama\u00f1o del cart\u00f3n: 520 mm x 300 mm x 345 mm<br \/>\nPeso bruto: 11,2 kg<br \/>\nFuente de alimentaci\u00f3n: AC110V, 60Hz o AC220V, 50Hz<br \/>\nConsumo de energ\u00eda: 20W durante el trabajo<\/div>","protected":false},"featured_media":431,"template":"","meta":[],"product_brand":[],"product_cat":[19],"product_tag":[],"class_list":{"0":"post-429","1":"product","2":"type-product","3":"status-publish","4":"has-post-thumbnail","6":"product_cat-check-writer-series","8":"first","9":"instock","10":"shipping-taxable","11":"product-type-simple"},"_links":{"self":[{"href":"https:\/\/dongbo2008.com\/es\/wp-json\/wp\/v2\/product\/429","targetHints":{"allow":["GET"]}}],"collection":[{"href":"https:\/\/dongbo2008.com\/es\/wp-json\/wp\/v2\/product"}],"about":[{"href":"https:\/\/dongbo2008.com\/es\/wp-json\/wp\/v2\/types\/product"}],"wp:featuredmedia":[{"embeddable":true,"href":"https:\/\/dongbo2008.com\/es\/wp-json\/wp\/v2\/media\/431"}],"wp:attachment":[{"href":"https:\/\/dongbo2008.com\/es\/wp-json\/wp\/v2\/media?parent=429"}],"wp:term":[{"taxonomy":"product_brand","embeddable":true,"href":"https:\/\/dongbo2008.com\/es\/wp-json\/wp\/v2\/product_brand?post=429"},{"taxonomy":"product_cat","embeddable":true,"href":"https:\/\/dongbo2008.com\/es\/wp-json\/wp\/v2\/product_cat?post=429"},{"taxonomy":"product_tag","embeddable":true,"href":"https:\/\/dongbo2008.com\/es\/wp-json\/wp\/v2\/product_tag?post=429"}],"curies":[{"name":"wp","href":"https:\/\/api.w.org\/{rel}","templated":true}]}}