{"id":423,"date":"2023-09-28T03:11:30","date_gmt":"2023-09-28T03:11:30","guid":{"rendered":"https:\/\/dongbo2008.com\/?post_type=product&#038;p=423"},"modified":"2024-09-18T02:26:35","modified_gmt":"2024-09-18T02:26:35","slug":"db150","status":"publish","type":"product","link":"https:\/\/dongbo2008.com\/es\/producto\/db150\/","title":{"rendered":"Serie DB150 de contadoras de billetes: ideales para mayoristas fabricantes"},"content":{"rendered":"<p><strong>SELECCIONA TU INTER\u00c9S AHORA<\/strong><\/p>\n<table border=\"1\" cellspacing=\"0\" cellpadding=\"1\">\n<tbody>\n<tr>\n<td><strong>MODELO<\/strong><\/td>\n<td><strong>FUNCIONES OPCIONALES<\/strong><\/td>\n<\/tr>\n<tr>\n<td>DB150<\/td>\n<td>Modelo b\u00e1sico, funciones b\u00e1sicas<\/td>\n<\/tr>\n<tr>\n<td>DB150 UV<\/td>\n<td>Detecci\u00f3n UV<\/td>\n<\/tr>\n<tr>\n<td>DB150MG<\/td>\n<td>Detecci\u00f3n de mg<\/td>\n<\/tr>\n<tr>\n<td>DB150 UV MG<\/td>\n<td>Detecci\u00f3n de MG UV<\/td>\n<\/tr>\n<\/tbody>\n<\/table>\n<p><img fetchpriority=\"high\" decoding=\"async\" class=\"alignnone size-full wp-image-424\" src=\"https:\/\/dongbo2008.com\/wp-content\/uploads\/2023\/09\/DB150.jpg\" alt=\"\" width=\"960\" height=\"1479\" srcset=\"https:\/\/dongbo2008.com\/wp-content\/uploads\/2023\/09\/DB150.jpg 960w, https:\/\/dongbo2008.com\/wp-content\/uploads\/2023\/09\/DB150-195x300.jpg 195w, https:\/\/dongbo2008.com\/wp-content\/uploads\/2023\/09\/DB150-665x1024.jpg 665w, https:\/\/dongbo2008.com\/wp-content\/uploads\/2023\/09\/DB150-768x1183.jpg 768w, https:\/\/dongbo2008.com\/wp-content\/uploads\/2023\/09\/DB150-600x924.jpg 600w\" sizes=\"(max-width: 960px) 100vw, 960px\" \/><\/p>","protected":false},"excerpt":{"rendered":"<p>La palabra iniciaci\u00f3n, Nueva concepci\u00f3n, Nuevo dise\u00f1o.<\/p>\n<p>Temperatura ambiente: 0\u00b0C~40\u00b0C<br \/>\nHumedad ambiental: 30~80%<br \/>\nSistema de alimentaci\u00f3n: Sistema de fricci\u00f3n de rodillos<br \/>\nCapacidad Tolva: 200 piezas<br \/>\nCapacidad del apilador: 200 piezas<br \/>\nVelocidad de conteo: 1000 piezas\/minuto<br \/>\nTama\u00f1o de la nota contable: 50\u00d7100~100\u00d7175 (mm)<br \/>\nGrosor de la nota contable: 0,06 ~ 0,12 (mm)<br \/>\nPantalla de n\u00famero preestablecido de lote: LED de 3 d\u00edgitos<br \/>\nPantalla de n\u00fameros de conteo: LED de 4 d\u00edgitos<br \/>\nFuente de alimentaci\u00f3n: AC220V\/50Hz o AC110V\/60Hz<br \/>\nConsumo de energ\u00eda: &lt;70W<br \/>\ndimensi\u00f3n: 289mmx252mmx190mm<br \/>\nPeso neto: 8,0Kg<br \/>\nSensibilidad de detecci\u00f3n de altura: 4\/5\/6\u00b11 mm<\/p>","protected":false},"featured_media":425,"template":"","meta":[],"product_brand":[],"product_cat":[18],"product_tag":[],"class_list":{"0":"post-423","1":"product","2":"type-product","3":"status-publish","4":"has-post-thumbnail","6":"product_cat-currency-counter-series","8":"first","9":"instock","10":"shipping-taxable","11":"product-type-simple"},"_links":{"self":[{"href":"https:\/\/dongbo2008.com\/es\/wp-json\/wp\/v2\/product\/423","targetHints":{"allow":["GET"]}}],"collection":[{"href":"https:\/\/dongbo2008.com\/es\/wp-json\/wp\/v2\/product"}],"about":[{"href":"https:\/\/dongbo2008.com\/es\/wp-json\/wp\/v2\/types\/product"}],"wp:featuredmedia":[{"embeddable":true,"href":"https:\/\/dongbo2008.com\/es\/wp-json\/wp\/v2\/media\/425"}],"wp:attachment":[{"href":"https:\/\/dongbo2008.com\/es\/wp-json\/wp\/v2\/media?parent=423"}],"wp:term":[{"taxonomy":"product_brand","embeddable":true,"href":"https:\/\/dongbo2008.com\/es\/wp-json\/wp\/v2\/product_brand?post=423"},{"taxonomy":"product_cat","embeddable":true,"href":"https:\/\/dongbo2008.com\/es\/wp-json\/wp\/v2\/product_cat?post=423"},{"taxonomy":"product_tag","embeddable":true,"href":"https:\/\/dongbo2008.com\/es\/wp-json\/wp\/v2\/product_tag?post=423"}],"curies":[{"name":"wp","href":"https:\/\/api.w.org\/{rel}","templated":true}]}}