{"id":418,"date":"2023-10-03T02:41:11","date_gmt":"2023-10-03T02:41:11","guid":{"rendered":"https:\/\/dongbo2008.com\/?post_type=product&#038;p=418"},"modified":"2024-09-18T02:46:10","modified_gmt":"2024-09-18T02:46:10","slug":"db550","status":"publish","type":"product","link":"https:\/\/dongbo2008.com\/es\/producto\/db550\/","title":{"rendered":"DB550: contadoras de billetes de alto rendimiento para la fabricaci\u00f3n y la venta al por mayor"},"content":{"rendered":"<p><strong>Modos de conteo:<\/strong><\/p>\n<p>modo de conteo continuo,<\/p>\n<p>modo de conteo de lotes,<\/p>\n<p>Modo de conteo de valores,<\/p>\n<p>Modo de inicio autom\u00e1tico o manual<\/p>\n<p><strong>Modos de detecci\u00f3n:<\/strong><\/p>\n<p>Modo de detecci\u00f3n doble, detecci\u00f3n de ancho, modo de detecci\u00f3n de altura<\/p>\n<p>Modo de detecci\u00f3n de falsificaciones UV, Detecci\u00f3n de falsificaciones MG,<\/p>\n<p>Detecci\u00f3n de falsificaci\u00f3n de hilos met\u00e1licos (opcional),<\/p>\n<p>Detecci\u00f3n de falsificaciones MT-CODE (opcional),<\/p>\n<p>Modo de detecci\u00f3n de falsificaciones por infrarrojos (opcional)<\/p>\n<p>Copia de seguridad de memoria: memoria de configuraci\u00f3n de funciones, memoria de configuraci\u00f3n por lotes<\/p>\n<p>Funci\u00f3n de impresi\u00f3n: Imprimir informe del resultado del conteo con la impresora (opcional)<\/p>\n<p>Interfaz de datos: Puerto micro USB Puerto serie RS-232<\/p>\n<p>Fuente de alimentaci\u00f3n: 100~240 voltios CA, 50\/60 HZ<\/p>\n<p>Tama\u00f1o del fusible: 3A<\/p>\n<p>Consumo de energ\u00eda: &lt;55 vatios<\/p>\n<p>Dimensiones: 275 mm \u00d7 227 mm \u00d7 195 mm<\/p>\n<p>Peso: 6,0 kg<\/p>\n<p>Temperatura ambiente: 0~40 \u2103<\/p>\n<p>Humedad relativa: 30~80%<\/p>\n<p><img fetchpriority=\"high\" decoding=\"async\" class=\"alignnone size-full wp-image-419\" src=\"https:\/\/dongbo2008.com\/wp-content\/uploads\/2023\/09\/DB550-4-scaled.jpg\" alt=\"\" width=\"520\" height=\"2560\" srcset=\"https:\/\/dongbo2008.com\/wp-content\/uploads\/2023\/09\/DB550-4-scaled.jpg 520w, https:\/\/dongbo2008.com\/wp-content\/uploads\/2023\/09\/DB550-4-61x300.jpg 61w, https:\/\/dongbo2008.com\/wp-content\/uploads\/2023\/09\/DB550-4-208x1024.jpg 208w, https:\/\/dongbo2008.com\/wp-content\/uploads\/2023\/09\/DB550-4-768x3779.jpg 768w, https:\/\/dongbo2008.com\/wp-content\/uploads\/2023\/09\/DB550-4-312x1536.jpg 312w, https:\/\/dongbo2008.com\/wp-content\/uploads\/2023\/09\/DB550-4-416x2048.jpg 416w, https:\/\/dongbo2008.com\/wp-content\/uploads\/2023\/09\/DB550-4-600x2953.jpg 600w\" sizes=\"(max-width: 520px) 100vw, 520px\" \/><\/p>","protected":false},"excerpt":{"rendered":"<p>Contadora de billetes de carga frontal, alta velocidad y resistente<\/p>\n<p>Sistema de alimentaci\u00f3n: Sistema de fricci\u00f3n de rodillos<br \/>\nCapacidad de la tolva: 300 hojas\/notas<br \/>\nCapacidad del apilador: 200 hojas\/notas<br \/>\nNota contable: Tama\u00f1o 50\u00d790~110\u00d7175(mm) Espesor 0,05~0,15(mm)<br \/>\nVelocidad de conteo: 600 notas\/min, 1000 notas\/min,<br \/>\n1200 billetes\/min, 1600 billetes\/min (solo contando)<br \/>\nPantalla remota: 6 d\u00edgitos en una pantalla LED remota (opcional)<\/p>","protected":false},"featured_media":610,"template":"","meta":[],"product_brand":[],"product_cat":[18],"product_tag":[],"class_list":{"0":"post-418","1":"product","2":"type-product","3":"status-publish","4":"has-post-thumbnail","6":"product_cat-currency-counter-series","8":"first","9":"instock","10":"shipping-taxable","11":"product-type-simple"},"_links":{"self":[{"href":"https:\/\/dongbo2008.com\/es\/wp-json\/wp\/v2\/product\/418","targetHints":{"allow":["GET"]}}],"collection":[{"href":"https:\/\/dongbo2008.com\/es\/wp-json\/wp\/v2\/product"}],"about":[{"href":"https:\/\/dongbo2008.com\/es\/wp-json\/wp\/v2\/types\/product"}],"wp:featuredmedia":[{"embeddable":true,"href":"https:\/\/dongbo2008.com\/es\/wp-json\/wp\/v2\/media\/610"}],"wp:attachment":[{"href":"https:\/\/dongbo2008.com\/es\/wp-json\/wp\/v2\/media?parent=418"}],"wp:term":[{"taxonomy":"product_brand","embeddable":true,"href":"https:\/\/dongbo2008.com\/es\/wp-json\/wp\/v2\/product_brand?post=418"},{"taxonomy":"product_cat","embeddable":true,"href":"https:\/\/dongbo2008.com\/es\/wp-json\/wp\/v2\/product_cat?post=418"},{"taxonomy":"product_tag","embeddable":true,"href":"https:\/\/dongbo2008.com\/es\/wp-json\/wp\/v2\/product_tag?post=418"}],"curies":[{"name":"wp","href":"https:\/\/api.w.org\/{rel}","templated":true}]}}