{"id":178,"date":"2023-09-21T08:24:59","date_gmt":"2023-09-21T08:24:59","guid":{"rendered":"https:\/\/dongbo2008.com\/?post_type=product&#038;p=178"},"modified":"2024-09-18T02:25:18","modified_gmt":"2024-09-18T02:25:18","slug":"db180","status":"publish","type":"product","link":"https:\/\/dongbo2008.com\/es\/producto\/db180\/","title":{"rendered":"DB180: las mejores contadoras de divisas para proveedores y distribuidores mayoristas"},"content":{"rendered":"<p><img fetchpriority=\"high\" decoding=\"async\" class=\"alignnone size-full wp-image-179\" src=\"https:\/\/dongbo2008.com\/wp-content\/uploads\/2023\/09\/db180-Currency-Counter-Series.jpg\" alt=\"\" width=\"960\" height=\"1628\" srcset=\"https:\/\/dongbo2008.com\/wp-content\/uploads\/2023\/09\/db180-Currency-Counter-Series.jpg 960w, https:\/\/dongbo2008.com\/wp-content\/uploads\/2023\/09\/db180-Currency-Counter-Series-600x1018.jpg 600w, https:\/\/dongbo2008.com\/wp-content\/uploads\/2023\/09\/db180-Currency-Counter-Series-177x300.jpg 177w, https:\/\/dongbo2008.com\/wp-content\/uploads\/2023\/09\/db180-Currency-Counter-Series-604x1024.jpg 604w, https:\/\/dongbo2008.com\/wp-content\/uploads\/2023\/09\/db180-Currency-Counter-Series-768x1302.jpg 768w, https:\/\/dongbo2008.com\/wp-content\/uploads\/2023\/09\/db180-Currency-Counter-Series-906x1536.jpg 906w\" sizes=\"(max-width: 960px) 100vw, 960px\" \/><\/p>","protected":false},"excerpt":{"rendered":"<p>Temperatura ambiente: 0\u00b0C~40\u00b0C<br \/>\nHumedad ambiental: 30~80\uff05<br \/>\nSistema de alimentaci\u00f3n: Sistema de fricci\u00f3n de rodillos<br \/>\nCapacidad Tolva: 200 piezas<br \/>\nCapacidad del apilador: 200 piezas<br \/>\nVelocidad de conteo: 1000 piezas\/minuto<br \/>\nTama\u00f1o de la nota contable: 50\u00d7100~100\u00d7182(mm)<br \/>\nGrosor de la nota contable: 0,06 ~ 0,12 (mm)<br \/>\nSensibilidad de detecci\u00f3n de altura: 4\/5\/6 \u00b11 mm<br \/>\nVisualizaci\u00f3n del n\u00famero preestablecido de lote: LED de 3 d\u00edgitos<br \/>\nVisualizaci\u00f3n del n\u00famero de conteo: LED de 4 d\u00edgitos<br \/>\nFuente de alimentaci\u00f3n: AC220V\/50Hz o AC110V\/60Hz<br \/>\nConsumo de energ\u00eda: 45W<br \/>\ndimensi\u00f3n: 279 mm\u00d7272mm\u00d7210mm<br \/>\nPeso neto: 6,0 kg<\/p>","protected":false},"featured_media":183,"template":"","meta":[],"product_brand":[],"product_cat":[18],"product_tag":[],"class_list":{"0":"post-178","1":"product","2":"type-product","3":"status-publish","4":"has-post-thumbnail","6":"product_cat-currency-counter-series","8":"first","9":"instock","10":"shipping-taxable","11":"product-type-simple"},"_links":{"self":[{"href":"https:\/\/dongbo2008.com\/es\/wp-json\/wp\/v2\/product\/178","targetHints":{"allow":["GET"]}}],"collection":[{"href":"https:\/\/dongbo2008.com\/es\/wp-json\/wp\/v2\/product"}],"about":[{"href":"https:\/\/dongbo2008.com\/es\/wp-json\/wp\/v2\/types\/product"}],"wp:featuredmedia":[{"embeddable":true,"href":"https:\/\/dongbo2008.com\/es\/wp-json\/wp\/v2\/media\/183"}],"wp:attachment":[{"href":"https:\/\/dongbo2008.com\/es\/wp-json\/wp\/v2\/media?parent=178"}],"wp:term":[{"taxonomy":"product_brand","embeddable":true,"href":"https:\/\/dongbo2008.com\/es\/wp-json\/wp\/v2\/product_brand?post=178"},{"taxonomy":"product_cat","embeddable":true,"href":"https:\/\/dongbo2008.com\/es\/wp-json\/wp\/v2\/product_cat?post=178"},{"taxonomy":"product_tag","embeddable":true,"href":"https:\/\/dongbo2008.com\/es\/wp-json\/wp\/v2\/product_tag?post=178"}],"curies":[{"name":"wp","href":"https:\/\/api.w.org\/{rel}","templated":true}]}}