{"id":622,"date":"2023-09-20T06:59:21","date_gmt":"2023-09-20T06:59:21","guid":{"rendered":"https:\/\/dongbo2008.com\/?post_type=product&#038;p=622"},"modified":"2024-09-18T02:24:39","modified_gmt":"2024-09-18T02:24:39","slug":"db780s","status":"publish","type":"product","link":"https:\/\/dongbo2008.com\/de\/produkt\/db780s\/","title":{"rendered":"DB780S \u2013 Top-Geldz\u00e4hlerserie f\u00fcr Gro\u00dfhandelshersteller"},"content":{"rendered":"<p>Multilaterale W\u00e4hrungsnote (bis zu 7 W\u00e4hrungen)<br \/>\nGro\u00dfes grafisches LCD-Display (128 x 64 Pixel).<br \/>\nDatums- und Uhrzeitanzeige.<br \/>\nEinfache Aktualisierung \u00fcber den USB-Anschluss oder den seriellen RS-232-Anschluss.<br \/>\nEinfache Bedienung und benutzerfreundliche Oberfl\u00e4che.<br \/>\nEinfache Wartung mit Selbstdiagnosesystem.<br \/>\nWertz\u00e4hlung: Z\u00e4hlt gemischte und sortierte Banknoten mit Bildverarbeitungstechnologie.<br \/>\nWertz\u00e4hlgeschwindigkeit: 600, 1000, 1200 Noten\/Min<br \/>\nZ\u00e4hlgeschwindigkeit: 600, 1000, 1200, 1500 Banknoten\/Min<br \/>\nFalschgelderkennung mit UV\u3001MG(optional)\u3001MT(optional)\u3001IR(optional) \u3001MT-CODE(optional)<br \/>\nErkennung von Doppel-, Ketten- und Halbnoten<br \/>\nAutomatischer und manueller Start<br \/>\nOptionales Zubeh\u00f6r: Drucker, Fernanzeige<\/p>","protected":false},"excerpt":{"rendered":"<p>Wertz\u00e4hlmaschine CIS<\/p>\n<p>Vorschubsystem: Rollenreibungssystem<br \/>\nTrichterkapazit\u00e4t: 350\u2013400 St\u00fcck<br \/>\nStaplerkapazit\u00e4t: 200 St\u00fcck<br \/>\nGr\u00f6\u00dfe der z\u00e4hlbaren Notiz: 50\u00d790~110\u00d7175(mm)<br \/>\nDicke der z\u00e4hlbaren Note: 0,05\u20130,15 (mm)<br \/>\nZ\u00e4hlgeschwindigkeit: 600\/ 1000\/ 1200\/ 1500 St\u00fcck\/Minute<br \/>\nAnzeige: Grafisches LCD-Display (128 x 64)<br \/>\nFernanzeige: 6 Ziffern auf einer Fern-LED-Anzeige (optional)<br \/>\nStromquelle: AC100~240V, 50\/60Hz<br \/>\nSicherungsgr\u00f6\u00dfe: 3A<br \/>\nStromverbrauch: &lt;60 Watt<br \/>\nAbmessungen: 285 mm \u00d7 285 mm \u00d7 250 mm<br \/>\nNettogewicht: 8,0 kg<br \/>\nUmgebungstemperatur: 0\u201340 \u00b0C<br \/>\nRelative Luftfeuchtigkeit: 30~80%<\/p>","protected":false},"featured_media":623,"template":"","meta":[],"product_brand":[],"product_cat":[18],"product_tag":[],"class_list":{"0":"post-622","1":"product","2":"type-product","3":"status-publish","4":"has-post-thumbnail","6":"product_cat-currency-counter-series","8":"first","9":"instock","10":"shipping-taxable","11":"product-type-simple"},"_links":{"self":[{"href":"https:\/\/dongbo2008.com\/de\/wp-json\/wp\/v2\/product\/622","targetHints":{"allow":["GET"]}}],"collection":[{"href":"https:\/\/dongbo2008.com\/de\/wp-json\/wp\/v2\/product"}],"about":[{"href":"https:\/\/dongbo2008.com\/de\/wp-json\/wp\/v2\/types\/product"}],"wp:featuredmedia":[{"embeddable":true,"href":"https:\/\/dongbo2008.com\/de\/wp-json\/wp\/v2\/media\/623"}],"wp:attachment":[{"href":"https:\/\/dongbo2008.com\/de\/wp-json\/wp\/v2\/media?parent=622"}],"wp:term":[{"taxonomy":"product_brand","embeddable":true,"href":"https:\/\/dongbo2008.com\/de\/wp-json\/wp\/v2\/product_brand?post=622"},{"taxonomy":"product_cat","embeddable":true,"href":"https:\/\/dongbo2008.com\/de\/wp-json\/wp\/v2\/product_cat?post=622"},{"taxonomy":"product_tag","embeddable":true,"href":"https:\/\/dongbo2008.com\/de\/wp-json\/wp\/v2\/product_tag?post=622"}],"curies":[{"name":"wp","href":"https:\/\/api.w.org\/{rel}","templated":true}]}}