{"id":619,"date":"2023-10-06T06:56:44","date_gmt":"2023-10-06T06:56:44","guid":{"rendered":"https:\/\/dongbo2008.com\/?post_type=product&#038;p=619"},"modified":"2024-09-18T02:50:03","modified_gmt":"2024-09-18T02:50:03","slug":"db780a","status":"publish","type":"product","link":"https:\/\/dongbo2008.com\/de\/produkt\/db780a\/","title":{"rendered":"DB780A \u2013 Investieren Sie in erstklassige Geldz\u00e4hler f\u00fcr Fabrik- und Gro\u00dfverk\u00e4ufe"},"content":{"rendered":"<p>Hochleistungs-Banknotenz\u00e4hler, Mehrw\u00e4hrungsz\u00e4hler, Z\u00e4hlung gemischter Werte.<br \/>\nZ\u00e4hlmodi: Kontinuierliche Z\u00e4hlung, Stapelz\u00e4hlung, Wertz\u00e4hlung<br \/>\nFalschgelderkennung: Doppelnoten, Breite, L\u00e4nge, UV, MG, Metallfaden, MT-CODE, IR<br \/>\nSpeichersicherung: Funktionseinstellungsspeicher, Batch-Einstellungsspeicher<br \/>\nDruckfunktion: Bericht des Z\u00e4hlergebnisses mit Drucker drucken<\/p>","protected":false},"excerpt":{"rendered":"<p>Frontlader, hohe Geschwindigkeit und Hea<\/p>\n<p>Vorschubsystem: Rollenreibungssystem<br \/>\nTrichterkapazit\u00e4t: 300 St\u00fcck<br \/>\nStaplerkapazit\u00e4t: 200 St\u00fcck<br \/>\nGr\u00f6\u00dfe der z\u00e4hlbaren Notiz: 50\u00d790~110\u00d7175(mm)<br \/>\nDicke der z\u00e4hlbaren Note: 0,05\u20130,15 (mm)<br \/>\nZ\u00e4hlgeschwindigkeit: 600\/ 800\/ 1200\/ 1600 St\u00fcck\/Minute<br \/>\nZ\u00e4hlanzeige: 5 Ziffern auf dem LCD-Display<br \/>\nChargenanzeige: 3 Ziffern auf dem LCD-Display<br \/>\nFernanzeige: 6 Ziffern auf einer Fern-LED-Anzeige (Option)<br \/>\nStromquelle: Wechselstrom 100\u2013240 V, 50\/60 Hz<br \/>\nSicherungsgr\u00f6\u00dfe: 3A<br \/>\nStromverbrauch: &lt;55 Watt<br \/>\nAbmessungen: 275 mm x 227 mm x 195 mm<br \/>\nNettogewicht: 8,0 kg<br \/>\nUmgebungstemperatur: 0\u201340 \u00b0C<br \/>\nRelative Luftfeuchtigkeit: 30~80%<\/p>","protected":false},"featured_media":620,"template":"","meta":[],"product_brand":[],"product_cat":[18],"product_tag":[],"class_list":{"0":"post-619","1":"product","2":"type-product","3":"status-publish","4":"has-post-thumbnail","6":"product_cat-currency-counter-series","8":"first","9":"instock","10":"shipping-taxable","11":"product-type-simple"},"_links":{"self":[{"href":"https:\/\/dongbo2008.com\/de\/wp-json\/wp\/v2\/product\/619","targetHints":{"allow":["GET"]}}],"collection":[{"href":"https:\/\/dongbo2008.com\/de\/wp-json\/wp\/v2\/product"}],"about":[{"href":"https:\/\/dongbo2008.com\/de\/wp-json\/wp\/v2\/types\/product"}],"wp:featuredmedia":[{"embeddable":true,"href":"https:\/\/dongbo2008.com\/de\/wp-json\/wp\/v2\/media\/620"}],"wp:attachment":[{"href":"https:\/\/dongbo2008.com\/de\/wp-json\/wp\/v2\/media?parent=619"}],"wp:term":[{"taxonomy":"product_brand","embeddable":true,"href":"https:\/\/dongbo2008.com\/de\/wp-json\/wp\/v2\/product_brand?post=619"},{"taxonomy":"product_cat","embeddable":true,"href":"https:\/\/dongbo2008.com\/de\/wp-json\/wp\/v2\/product_cat?post=619"},{"taxonomy":"product_tag","embeddable":true,"href":"https:\/\/dongbo2008.com\/de\/wp-json\/wp\/v2\/product_tag?post=619"}],"curies":[{"name":"wp","href":"https:\/\/api.w.org\/{rel}","templated":true}]}}