{"id":611,"date":"2023-10-06T06:53:32","date_gmt":"2023-10-06T06:53:32","guid":{"rendered":"https:\/\/dongbo2008.com\/?post_type=product&#038;p=611"},"modified":"2024-09-18T02:49:19","modified_gmt":"2024-09-18T02:49:19","slug":"db326","status":"publish","type":"product","link":"https:\/\/dongbo2008.com\/de\/produkt\/db326\/","title":{"rendered":"DB326 \u2013 Beste F\u00e4lschungsdetektoren f\u00fcr Reseller-Netzwerke"},"content":{"rendered":"<p>Brandneue Technologie zur digitalen Wasserzeichenerkennung f\u00fcr Euro-Scheine.<br \/>\nDie Vielfalt der W\u00e4hrungen: EURO und USD, oder EURO und GBP, oder EURO und CHF, oder EURO und RUM\u00c4NIEN usw<br \/>\nErkennungsmethode: Erkennung mehrerer F\u00e4lschungen: MG, MT, IR, UV (UV ist eine Option)<br \/>\nDie Art der Geldscheinausgabe: Vorne oder hinten<br \/>\nDie Art und Weise, wie Banknoten eingelegt werden: Beliebige Richtung (Wenn das Ger\u00e4t USD-Scheine erkennt, ist f\u00fcr alle Arten von Scheinen nur eine Richtung verf\u00fcgbar.)<br \/>\nErkennungsgeschwindigkeit: &lt;0,5 Sekunden pro St\u00fcck<br \/>\nAnzeige: Anzahl der akzeptierten Banknoten zusammen mit einem Gesamtsummenwert<br \/>\nStromversorgungsoption: Adapter einer beliebigen Plus-Version oder eingebauter Akku (10,8 V, 800 mAh) oder am Fahrzeug montiertes Kabel<br \/>\nDas Programm kann durch Anschlie\u00dfen an den PC aktualisiert werden.<\/p>\n<p><img fetchpriority=\"high\" decoding=\"async\" class=\"alignnone size-full wp-image-617\" src=\"https:\/\/dongbo2008.com\/wp-content\/uploads\/2023\/10\/DB326.jpg\" alt=\"\" width=\"960\" height=\"1362\" srcset=\"https:\/\/dongbo2008.com\/wp-content\/uploads\/2023\/10\/DB326.jpg 960w, https:\/\/dongbo2008.com\/wp-content\/uploads\/2023\/10\/DB326-211x300.jpg 211w, https:\/\/dongbo2008.com\/wp-content\/uploads\/2023\/10\/DB326-722x1024.jpg 722w, https:\/\/dongbo2008.com\/wp-content\/uploads\/2023\/10\/DB326-768x1090.jpg 768w, https:\/\/dongbo2008.com\/wp-content\/uploads\/2023\/10\/DB326-600x851.jpg 600w\" sizes=\"(max-width: 960px) 100vw, 960px\" \/><\/p>","protected":false},"excerpt":{"rendered":"<p>Abmessungen: 200 mm x 115 mm x 76 mm<br \/>\nNettogewicht: 0,75 kg<br \/>\nAbmessung des Hauptkartons (CBM): 0,0838<br \/>\nBruttogewicht des Hauptkartons: 14 kg<br \/>\nGewicht des inneren Kartons: 1,08 kg<br \/>\nInnere Kartongr\u00f6\u00dfe: 290 x 170 x 125 mm<br \/>\nSpezifikationen des Hauptkartons: 59,6 x 35,6 x 39,5 mm<br \/>\nInnenkartonmenge: 12 Einheiten<br \/>\nSicherheitszulassung: CE<br \/>\nQualit\u00e4tsgarantiezeitraum: 1 Jahr ab Versanddatum<br \/>\nZahlungsziel: TT<br \/>\nAnzahl der Einheiten und Kartons in 20 FCL: 4300 St\u00fcck<br \/>\nFob-Hafen: Zhongshan<\/p>","protected":false},"featured_media":614,"template":"","meta":[],"product_brand":[],"product_cat":[20],"product_tag":[],"class_list":{"0":"post-611","1":"product","2":"type-product","3":"status-publish","4":"has-post-thumbnail","6":"product_cat-counterfeit-detector-series","8":"first","9":"instock","10":"shipping-taxable","11":"product-type-simple"},"_links":{"self":[{"href":"https:\/\/dongbo2008.com\/de\/wp-json\/wp\/v2\/product\/611","targetHints":{"allow":["GET"]}}],"collection":[{"href":"https:\/\/dongbo2008.com\/de\/wp-json\/wp\/v2\/product"}],"about":[{"href":"https:\/\/dongbo2008.com\/de\/wp-json\/wp\/v2\/types\/product"}],"wp:featuredmedia":[{"embeddable":true,"href":"https:\/\/dongbo2008.com\/de\/wp-json\/wp\/v2\/media\/614"}],"wp:attachment":[{"href":"https:\/\/dongbo2008.com\/de\/wp-json\/wp\/v2\/media?parent=611"}],"wp:term":[{"taxonomy":"product_brand","embeddable":true,"href":"https:\/\/dongbo2008.com\/de\/wp-json\/wp\/v2\/product_brand?post=611"},{"taxonomy":"product_cat","embeddable":true,"href":"https:\/\/dongbo2008.com\/de\/wp-json\/wp\/v2\/product_cat?post=611"},{"taxonomy":"product_tag","embeddable":true,"href":"https:\/\/dongbo2008.com\/de\/wp-json\/wp\/v2\/product_tag?post=611"}],"curies":[{"name":"wp","href":"https:\/\/api.w.org\/{rel}","templated":true}]}}