{"id":586,"date":"2023-10-03T02:56:22","date_gmt":"2023-10-03T02:56:22","guid":{"rendered":"https:\/\/dongbo2008.com\/?post_type=product&#038;p=586"},"modified":"2024-09-18T02:48:11","modified_gmt":"2024-09-18T02:48:11","slug":"586","status":"publish","type":"product","link":"https:\/\/dongbo2008.com\/de\/produkt\/586\/","title":{"rendered":"DB450SL \u2013 Die besten M\u00fcnzz\u00e4hler f\u00fcr den Finanzsektor von Branchenf\u00fchrern"},"content":{"rendered":"<p><img fetchpriority=\"high\" decoding=\"async\" class=\"alignnone size-full wp-image-587\" src=\"https:\/\/dongbo2008.com\/wp-content\/uploads\/2023\/10\/DB450-NEW-LCD-scaled.jpg\" alt=\"\" width=\"1810\" height=\"2560\" srcset=\"https:\/\/dongbo2008.com\/wp-content\/uploads\/2023\/10\/DB450-NEW-LCD-scaled.jpg 1810w, https:\/\/dongbo2008.com\/wp-content\/uploads\/2023\/10\/DB450-NEW-LCD-212x300.jpg 212w, https:\/\/dongbo2008.com\/wp-content\/uploads\/2023\/10\/DB450-NEW-LCD-724x1024.jpg 724w, https:\/\/dongbo2008.com\/wp-content\/uploads\/2023\/10\/DB450-NEW-LCD-768x1086.jpg 768w, https:\/\/dongbo2008.com\/wp-content\/uploads\/2023\/10\/DB450-NEW-LCD-1086x1536.jpg 1086w, https:\/\/dongbo2008.com\/wp-content\/uploads\/2023\/10\/DB450-NEW-LCD-1448x2048.jpg 1448w, https:\/\/dongbo2008.com\/wp-content\/uploads\/2023\/10\/DB450-NEW-LCD-600x849.jpg 600w\" sizes=\"(max-width: 1810px) 100vw, 1810px\" \/><\/p>","protected":false},"excerpt":{"rendered":"<p>DB450SL M\u00fcnzz\u00e4hler und Sortierer mit hoher Geschwindigkeit, guter Qualit\u00e4t, Genauigkeit und guten Funktionen.<\/p>\n<p>Umgebungstemperatur: 0\u2103 -40\u2103<br \/>\nZ\u00e4hlgeschwindigkeit: bis zu 400\u2013600 Einheiten\/Min<br \/>\nUmgebungsfeuchtigkeit: 30\u2103 ~80\u2103<br \/>\nTrichterkapazit\u00e4t: 1000\u20131300 Einheiten<br \/>\nKapazit\u00e4t jedes Empfangsschlitzes: 180\u2013230 Einheiten<br \/>\nFarb-LCD-Display<br \/>\nAnzeige der Chargenvoreinstellungsnummer f\u00fcr 8 S\u00e4tze: 3-stelliges LCD\/Satz<br \/>\nZ\u00e4hlzahlanzeige: 7-stelliges LCD<br \/>\nStromquelle: AC220V50HZ oder AC 110V\/60HZ<br \/>\nStromverbrauch: 50 W (max.)<br \/>\nAbmessungen: 330 mm x 330 mm x 255 mm<br \/>\nNettogewicht: 4,6 kg<\/p>\n<p>Verpackung: 2 St\u00fcck\/Karton<br \/>\nBruttogewicht: 12,5 kg\/Karton<br \/>\nKubisch: 0,11 cbm\/ctn<\/p>","protected":false},"featured_media":588,"template":"","meta":[],"product_brand":[],"product_cat":[21],"product_tag":[],"class_list":{"0":"post-586","1":"product","2":"type-product","3":"status-publish","4":"has-post-thumbnail","6":"product_cat-coin-counter-series","8":"first","9":"instock","10":"shipping-taxable","11":"product-type-simple"},"_links":{"self":[{"href":"https:\/\/dongbo2008.com\/de\/wp-json\/wp\/v2\/product\/586","targetHints":{"allow":["GET"]}}],"collection":[{"href":"https:\/\/dongbo2008.com\/de\/wp-json\/wp\/v2\/product"}],"about":[{"href":"https:\/\/dongbo2008.com\/de\/wp-json\/wp\/v2\/types\/product"}],"wp:featuredmedia":[{"embeddable":true,"href":"https:\/\/dongbo2008.com\/de\/wp-json\/wp\/v2\/media\/588"}],"wp:attachment":[{"href":"https:\/\/dongbo2008.com\/de\/wp-json\/wp\/v2\/media?parent=586"}],"wp:term":[{"taxonomy":"product_brand","embeddable":true,"href":"https:\/\/dongbo2008.com\/de\/wp-json\/wp\/v2\/product_brand?post=586"},{"taxonomy":"product_cat","embeddable":true,"href":"https:\/\/dongbo2008.com\/de\/wp-json\/wp\/v2\/product_cat?post=586"},{"taxonomy":"product_tag","embeddable":true,"href":"https:\/\/dongbo2008.com\/de\/wp-json\/wp\/v2\/product_tag?post=586"}],"curies":[{"name":"wp","href":"https:\/\/api.w.org\/{rel}","templated":true}]}}