{"id":579,"date":"2023-10-03T02:50:33","date_gmt":"2023-10-03T02:50:33","guid":{"rendered":"https:\/\/dongbo2008.com\/?post_type=product&#038;p=579"},"modified":"2024-09-18T02:46:35","modified_gmt":"2024-09-18T02:46:35","slug":"db360s","status":"publish","type":"product","link":"https:\/\/dongbo2008.com\/de\/produkt\/db360s\/","title":{"rendered":"DB360S \u2013 Investieren Sie in vom Hersteller zugelassene M\u00fcnzz\u00e4hler f\u00fcr Banken"},"content":{"rendered":"","protected":false},"excerpt":{"rendered":"<p>Pr\u00e4ziser M\u00fcnzsortierer und -z\u00e4hler DB360 mit Druckfunktion<\/p>\n<p>Umgebungstemperatur: 0\u2103 -40\u2103<br \/>\nZ\u00e4hlgeschwindigkeit: 216 Einheiten\/Min<br \/>\nUmgebungsfeuchtigkeit: 30\u2103 ~80\u2103<br \/>\nTrichterkapazit\u00e4t: 216~300 Einheiten<br \/>\nKapazit\u00e4t jedes Empfangsschlitzes: 80\u2013250 Einheiten<br \/>\nAnzeige der Chargenvoreinstellungsnummer: 3-stellige LED<br \/>\nZ\u00e4hlanzeige: LCD-Anzeige<br \/>\nStromquelle: AC220V50HZ oder AC 110V\/60HZ<br \/>\nStromverbrauch: 15W<br \/>\nAbmessungen: 355mm x 330mm x 266mm<br \/>\nNettogewicht: 4,5 kg<br \/>\nOption: Drucker \u2013 das Ger\u00e4t mit digitaler Tastatur kann mit dem verbunden werden<br \/>\nThermodrucker, das Druckergebnis zeigt Nennwert, Menge und Wert der M\u00fcnzen an.<\/p>","protected":false},"featured_media":580,"template":"","meta":[],"product_brand":[],"product_cat":[21],"product_tag":[],"class_list":{"0":"post-579","1":"product","2":"type-product","3":"status-publish","4":"has-post-thumbnail","6":"product_cat-coin-counter-series","8":"first","9":"instock","10":"shipping-taxable","11":"product-type-simple"},"_links":{"self":[{"href":"https:\/\/dongbo2008.com\/de\/wp-json\/wp\/v2\/product\/579","targetHints":{"allow":["GET"]}}],"collection":[{"href":"https:\/\/dongbo2008.com\/de\/wp-json\/wp\/v2\/product"}],"about":[{"href":"https:\/\/dongbo2008.com\/de\/wp-json\/wp\/v2\/types\/product"}],"wp:featuredmedia":[{"embeddable":true,"href":"https:\/\/dongbo2008.com\/de\/wp-json\/wp\/v2\/media\/580"}],"wp:attachment":[{"href":"https:\/\/dongbo2008.com\/de\/wp-json\/wp\/v2\/media?parent=579"}],"wp:term":[{"taxonomy":"product_brand","embeddable":true,"href":"https:\/\/dongbo2008.com\/de\/wp-json\/wp\/v2\/product_brand?post=579"},{"taxonomy":"product_cat","embeddable":true,"href":"https:\/\/dongbo2008.com\/de\/wp-json\/wp\/v2\/product_cat?post=579"},{"taxonomy":"product_tag","embeddable":true,"href":"https:\/\/dongbo2008.com\/de\/wp-json\/wp\/v2\/product_tag?post=579"}],"curies":[{"name":"wp","href":"https:\/\/api.w.org\/{rel}","templated":true}]}}