{"id":574,"date":"2023-09-28T03:07:29","date_gmt":"2023-09-28T03:07:29","guid":{"rendered":"https:\/\/dongbo2008.com\/?post_type=product&#038;p=574"},"modified":"2024-09-18T02:25:55","modified_gmt":"2024-09-18T02:25:55","slug":"db100","status":"publish","type":"product","link":"https:\/\/dongbo2008.com\/de\/produkt\/db100\/","title":{"rendered":"DB100 \u2013 2024 Geldz\u00e4hler f\u00fcr Fabrik- und Gro\u00dfhandelsm\u00e4rkte"},"content":{"rendered":"<p><strong><b>W\u00e4hlen Sie Ihr Interesse aus:<\/b><\/strong><\/p>\n<table>\n<tbody>\n<tr>\n<td>Modell<\/td>\n<td>Optionale Funktionen<\/td>\n<\/tr>\n<tr>\n<td>DB100<\/td>\n<td>Grundmodell, Grundfunktion<\/td>\n<\/tr>\n<tr>\n<td>DB100 UV<\/td>\n<td>UV-Erkennung<\/td>\n<\/tr>\n<tr>\n<td>DB100 MG<\/td>\n<td>MG-Erkennung<\/td>\n<\/tr>\n<tr>\n<td>DB100 UV MG<\/td>\n<td>UV-MG-Erkennung<\/td>\n<\/tr>\n<tr>\n<td>DB100 UV MG<\/td>\n<td>UV-MG-IR-Erkennung<\/td>\n<\/tr>\n<\/tbody>\n<\/table>\n<p>&nbsp;<\/p>","protected":false},"excerpt":{"rendered":"<p><strong><b>Haupteigenschaften :<\/b><\/strong><\/p>\n<p>\u25cf Z\u00e4hlen und F\u00e4lschen erkennen Sie Papiergeld durch UV\/MG\/IR-Funktion<br \/>\n\u25cf Automatischer Start, L\u00f6schen, Zur\u00fccksetzen, Ein- und Ausschalten.<br \/>\n\u25cf Erkennung doppelter Noten<br \/>\n\u25cf Erkennung halber Noten<br \/>\n\u25cf Erkennung von Kettennoten<br \/>\n\u25cf Verstellbare Trichterplatten<\/p>","protected":false},"featured_media":575,"template":"","meta":[],"product_brand":[],"product_cat":[18],"product_tag":[],"class_list":{"0":"post-574","1":"product","2":"type-product","3":"status-publish","4":"has-post-thumbnail","6":"product_cat-currency-counter-series","8":"first","9":"instock","10":"shipping-taxable","11":"product-type-simple"},"_links":{"self":[{"href":"https:\/\/dongbo2008.com\/de\/wp-json\/wp\/v2\/product\/574","targetHints":{"allow":["GET"]}}],"collection":[{"href":"https:\/\/dongbo2008.com\/de\/wp-json\/wp\/v2\/product"}],"about":[{"href":"https:\/\/dongbo2008.com\/de\/wp-json\/wp\/v2\/types\/product"}],"wp:featuredmedia":[{"embeddable":true,"href":"https:\/\/dongbo2008.com\/de\/wp-json\/wp\/v2\/media\/575"}],"wp:attachment":[{"href":"https:\/\/dongbo2008.com\/de\/wp-json\/wp\/v2\/media?parent=574"}],"wp:term":[{"taxonomy":"product_brand","embeddable":true,"href":"https:\/\/dongbo2008.com\/de\/wp-json\/wp\/v2\/product_brand?post=574"},{"taxonomy":"product_cat","embeddable":true,"href":"https:\/\/dongbo2008.com\/de\/wp-json\/wp\/v2\/product_cat?post=574"},{"taxonomy":"product_tag","embeddable":true,"href":"https:\/\/dongbo2008.com\/de\/wp-json\/wp\/v2\/product_tag?post=574"}],"curies":[{"name":"wp","href":"https:\/\/api.w.org\/{rel}","templated":true}]}}