{"id":550,"date":"2023-09-30T01:59:58","date_gmt":"2023-09-30T01:59:58","guid":{"rendered":"https:\/\/dongbo2008.com\/?post_type=product&#038;p=550"},"modified":"2024-09-18T02:45:39","modified_gmt":"2024-09-18T02:45:39","slug":"db450","status":"publish","type":"product","link":"https:\/\/dongbo2008.com\/de\/produkt\/db450\/","title":{"rendered":"DB450 \u2013 Top-M\u00fcnzz\u00e4hler f\u00fcr Banken und Filialen von erfahrenen Herstellern"},"content":{"rendered":"<p><img fetchpriority=\"high\" decoding=\"async\" class=\"alignnone size-full wp-image-551\" src=\"https:\/\/dongbo2008.com\/wp-content\/uploads\/2023\/09\/DB450.jpg\" alt=\"\" width=\"960\" height=\"1960\" srcset=\"https:\/\/dongbo2008.com\/wp-content\/uploads\/2023\/09\/DB450.jpg 960w, https:\/\/dongbo2008.com\/wp-content\/uploads\/2023\/09\/DB450-147x300.jpg 147w, https:\/\/dongbo2008.com\/wp-content\/uploads\/2023\/09\/DB450-502x1024.jpg 502w, https:\/\/dongbo2008.com\/wp-content\/uploads\/2023\/09\/DB450-768x1568.jpg 768w, https:\/\/dongbo2008.com\/wp-content\/uploads\/2023\/09\/DB450-752x1536.jpg 752w, https:\/\/dongbo2008.com\/wp-content\/uploads\/2023\/09\/DB450-600x1225.jpg 600w\" sizes=\"(max-width: 960px) 100vw, 960px\" \/><\/p>","protected":false},"excerpt":{"rendered":"<p>Umgebungstemperatur: 0\u00b0C~40\u00b0C<br \/>\nUmgebungsfeuchtigkeit: 30~80%<br \/>\nTrichterkapazit\u00e4t: 1000\u20131300 St\u00fcck<br \/>\nKapazit\u00e4t des Aufnahmeschlitzes: 180\u2013230 St\u00fcck<br \/>\nZ\u00e4hlgeschwindigkeit: 600 St\u00fcck\/Minute<br \/>\nAnzeige der Chargen-Voreinstellungsnummer: 3-stelliges LCD<br \/>\nZ\u00e4hlzahlanzeige: 7-stelliges LCD<br \/>\nDruckeranschluss: Serieller RS232-Anschluss f\u00fcr Thermodrucker<br \/>\nStromquelle: AC110V-240V, 50\/60Hz<br \/>\nStromverbrauch: 50 W (MAX.)<br \/>\nAbmessung: 330 mm x 330 mm x 255 mm<br \/>\nNettogewicht: 4,6 kg<\/p>","protected":false},"featured_media":552,"template":"","meta":[],"product_brand":[],"product_cat":[21],"product_tag":[],"class_list":{"0":"post-550","1":"product","2":"type-product","3":"status-publish","4":"has-post-thumbnail","6":"product_cat-coin-counter-series","8":"first","9":"instock","10":"shipping-taxable","11":"product-type-simple"},"_links":{"self":[{"href":"https:\/\/dongbo2008.com\/de\/wp-json\/wp\/v2\/product\/550","targetHints":{"allow":["GET"]}}],"collection":[{"href":"https:\/\/dongbo2008.com\/de\/wp-json\/wp\/v2\/product"}],"about":[{"href":"https:\/\/dongbo2008.com\/de\/wp-json\/wp\/v2\/types\/product"}],"wp:featuredmedia":[{"embeddable":true,"href":"https:\/\/dongbo2008.com\/de\/wp-json\/wp\/v2\/media\/552"}],"wp:attachment":[{"href":"https:\/\/dongbo2008.com\/de\/wp-json\/wp\/v2\/media?parent=550"}],"wp:term":[{"taxonomy":"product_brand","embeddable":true,"href":"https:\/\/dongbo2008.com\/de\/wp-json\/wp\/v2\/product_brand?post=550"},{"taxonomy":"product_cat","embeddable":true,"href":"https:\/\/dongbo2008.com\/de\/wp-json\/wp\/v2\/product_cat?post=550"},{"taxonomy":"product_tag","embeddable":true,"href":"https:\/\/dongbo2008.com\/de\/wp-json\/wp\/v2\/product_tag?post=550"}],"curies":[{"name":"wp","href":"https:\/\/api.w.org\/{rel}","templated":true}]}}