{"id":509,"date":"2023-09-30T01:39:58","date_gmt":"2023-09-30T01:39:58","guid":{"rendered":"https:\/\/dongbo2008.com\/?post_type=product&#038;p=509"},"modified":"2025-06-20T08:49:01","modified_gmt":"2025-06-20T08:49:01","slug":"db320","status":"publish","type":"product","link":"https:\/\/dongbo2008.com\/de\/produkt\/db320\/","title":{"rendered":"DB017 UV-LAMPE\/LED \u2013 Effiziente Falschgelddetektoren f\u00fcr Wiederverk\u00e4ufer"},"content":{"rendered":"","protected":false},"excerpt":{"rendered":"<p>Erkennungsgeschwindigkeit: 150 St\u00fcck\/Minute<br \/>\nNettogewicht: 0,75 kg<br \/>\nAbmessungen: 220 mm x 120 mm x 78 mm<br \/>\nErkannte Banknotengr\u00f6\u00dfe: 164\u00d783~118\u00d760<br \/>\nArbeitstemperatur: 0\u00b0C~40\u00b0C<br \/>\nLuftfeuchtigkeitsbereich: 30%RH~80%RH<br \/>\nLeistungsspezifikation: DC12V \u00b1 10%, 1A<\/p>","protected":false},"featured_media":952,"template":"","meta":[],"product_brand":[],"product_cat":[20],"product_tag":[],"class_list":{"0":"post-509","1":"product","2":"type-product","3":"status-publish","4":"has-post-thumbnail","6":"product_cat-counterfeit-detector-series","8":"first","9":"instock","10":"shipping-taxable","11":"product-type-simple"},"_links":{"self":[{"href":"https:\/\/dongbo2008.com\/de\/wp-json\/wp\/v2\/product\/509","targetHints":{"allow":["GET"]}}],"collection":[{"href":"https:\/\/dongbo2008.com\/de\/wp-json\/wp\/v2\/product"}],"about":[{"href":"https:\/\/dongbo2008.com\/de\/wp-json\/wp\/v2\/types\/product"}],"wp:featuredmedia":[{"embeddable":true,"href":"https:\/\/dongbo2008.com\/de\/wp-json\/wp\/v2\/media\/952"}],"wp:attachment":[{"href":"https:\/\/dongbo2008.com\/de\/wp-json\/wp\/v2\/media?parent=509"}],"wp:term":[{"taxonomy":"product_brand","embeddable":true,"href":"https:\/\/dongbo2008.com\/de\/wp-json\/wp\/v2\/product_brand?post=509"},{"taxonomy":"product_cat","embeddable":true,"href":"https:\/\/dongbo2008.com\/de\/wp-json\/wp\/v2\/product_cat?post=509"},{"taxonomy":"product_tag","embeddable":true,"href":"https:\/\/dongbo2008.com\/de\/wp-json\/wp\/v2\/product_tag?post=509"}],"curies":[{"name":"wp","href":"https:\/\/api.w.org\/{rel}","templated":true}]}}