{"id":502,"date":"2023-09-30T01:11:36","date_gmt":"2023-09-30T01:11:36","guid":{"rendered":"https:\/\/dongbo2008.com\/?post_type=product&#038;p=502"},"modified":"2024-09-18T02:38:53","modified_gmt":"2024-09-18T02:38:53","slug":"db020","status":"publish","type":"product","link":"https:\/\/dongbo2008.com\/de\/produkt\/db020\/","title":{"rendered":"DB020 \u2013 Geldf\u00e4lschungsdetektoren: Das Beste f\u00fcr H\u00e4ndler und Distributoren"},"content":{"rendered":"<p>Verf\u00fcgbar f\u00fcr Banknoten, Rechnungen, Schecks, Rechnungen und andere Artikel weltweit<br \/>\nFalschgelderkennung: UV, MG, Wasserzeichen und Lupe<br \/>\nUV- und wei\u00dfe Linie zur Falschgelderkennung zur \u00dcberpr\u00fcfung der Leuchtstoff- und Wasserzeichen auf den Geldscheinen<br \/>\nDie 5-fache Lupe bietet eine klarere Sicht auf die Oberfl\u00e4che der Banknote<br \/>\nHergestellt aus hochwertigem schwarzem ABS-Kunststoff, Anti-UV-Reaktion, Anti-Verbrennung<\/p>","protected":false},"excerpt":{"rendered":"<p>UV-R\u00f6hre: 2 St\u00fcck, 6 W\/St\u00fcck<br \/>\nWei\u00dfe Lichtr\u00f6hre: 1 St\u00fcck, 4 W<br \/>\nAbmessungen: 275 mm x 150 mm x 140 mm<br \/>\nNettogewicht: 0,9 kg<br \/>\nStromquelle: 110 V oder 220 V, AC50\/60 Hz<br \/>\nVerpackung: 12 St\u00fcck\/Karton, 590 mm x 295 mm x 475 mm<br \/>\nBruttogewicht: 15,0 kg<\/p>","protected":false},"featured_media":605,"template":"","meta":[],"product_brand":[],"product_cat":[20],"product_tag":[],"class_list":{"0":"post-502","1":"product","2":"type-product","3":"status-publish","4":"has-post-thumbnail","6":"product_cat-counterfeit-detector-series","8":"first","9":"instock","10":"shipping-taxable","11":"product-type-simple"},"_links":{"self":[{"href":"https:\/\/dongbo2008.com\/de\/wp-json\/wp\/v2\/product\/502","targetHints":{"allow":["GET"]}}],"collection":[{"href":"https:\/\/dongbo2008.com\/de\/wp-json\/wp\/v2\/product"}],"about":[{"href":"https:\/\/dongbo2008.com\/de\/wp-json\/wp\/v2\/types\/product"}],"wp:featuredmedia":[{"embeddable":true,"href":"https:\/\/dongbo2008.com\/de\/wp-json\/wp\/v2\/media\/605"}],"wp:attachment":[{"href":"https:\/\/dongbo2008.com\/de\/wp-json\/wp\/v2\/media?parent=502"}],"wp:term":[{"taxonomy":"product_brand","embeddable":true,"href":"https:\/\/dongbo2008.com\/de\/wp-json\/wp\/v2\/product_brand?post=502"},{"taxonomy":"product_cat","embeddable":true,"href":"https:\/\/dongbo2008.com\/de\/wp-json\/wp\/v2\/product_cat?post=502"},{"taxonomy":"product_tag","embeddable":true,"href":"https:\/\/dongbo2008.com\/de\/wp-json\/wp\/v2\/product_tag?post=502"}],"curies":[{"name":"wp","href":"https:\/\/api.w.org\/{rel}","templated":true}]}}