{"id":500,"date":"2023-09-30T01:10:10","date_gmt":"2023-09-30T01:10:10","guid":{"rendered":"https:\/\/dongbo2008.com\/?post_type=product&#038;p=500"},"modified":"2024-09-18T02:38:08","modified_gmt":"2024-09-18T02:38:08","slug":"db018","status":"publish","type":"product","link":"https:\/\/dongbo2008.com\/de\/produkt\/db018\/","title":{"rendered":"DB018 \u2013 Top-F\u00e4lschungsdetektoren f\u00fcr Vertriebskan\u00e4le"},"content":{"rendered":"<p>Verf\u00fcgbar f\u00fcr alle W\u00e4hrungen der Welt<br \/>\nUV-R\u00f6hre vom Typ H zur Erkennung von Banknoten, Ausweisen und Rechnungen<\/p>","protected":false},"excerpt":{"rendered":"<p>UV-R\u00f6hre: 2 St\u00fcck, 9 W\/St\u00fcck<br \/>\nAbmessungen: 280 mm x 110 mm x 130 mm<br \/>\nNettogewicht: 0,4 kg<br \/>\nStromquelle: AC110V oder 220V, 50\/60Hz<br \/>\nVerpackung: 12 St\u00fcck\/Karton, 610 mm x 315 mm x 500 mm<br \/>\nBruttogewicht: 12.000 kg<\/p>","protected":false},"featured_media":604,"template":"","meta":[],"product_brand":[],"product_cat":[20],"product_tag":[],"class_list":{"0":"post-500","1":"product","2":"type-product","3":"status-publish","4":"has-post-thumbnail","6":"product_cat-counterfeit-detector-series","8":"first","9":"instock","10":"shipping-taxable","11":"product-type-simple"},"_links":{"self":[{"href":"https:\/\/dongbo2008.com\/de\/wp-json\/wp\/v2\/product\/500","targetHints":{"allow":["GET"]}}],"collection":[{"href":"https:\/\/dongbo2008.com\/de\/wp-json\/wp\/v2\/product"}],"about":[{"href":"https:\/\/dongbo2008.com\/de\/wp-json\/wp\/v2\/types\/product"}],"wp:featuredmedia":[{"embeddable":true,"href":"https:\/\/dongbo2008.com\/de\/wp-json\/wp\/v2\/media\/604"}],"wp:attachment":[{"href":"https:\/\/dongbo2008.com\/de\/wp-json\/wp\/v2\/media?parent=500"}],"wp:term":[{"taxonomy":"product_brand","embeddable":true,"href":"https:\/\/dongbo2008.com\/de\/wp-json\/wp\/v2\/product_brand?post=500"},{"taxonomy":"product_cat","embeddable":true,"href":"https:\/\/dongbo2008.com\/de\/wp-json\/wp\/v2\/product_cat?post=500"},{"taxonomy":"product_tag","embeddable":true,"href":"https:\/\/dongbo2008.com\/de\/wp-json\/wp\/v2\/product_tag?post=500"}],"curies":[{"name":"wp","href":"https:\/\/api.w.org\/{rel}","templated":true}]}}