{"id":487,"date":"2023-09-30T01:08:27","date_gmt":"2023-09-30T01:08:27","guid":{"rendered":"https:\/\/dongbo2008.com\/?post_type=product&#038;p=487"},"modified":"2024-09-18T02:37:01","modified_gmt":"2024-09-18T02:37:01","slug":"db3000","status":"publish","type":"product","link":"https:\/\/dongbo2008.com\/de\/produkt\/db3000\/","title":{"rendered":"DB3000 \u2013 Empfohlene W\u00e4hrungsz\u00e4hler f\u00fcr Gro\u00dfhandelsdienstleister"},"content":{"rendered":"<p><strong>Zufuhrsystem Rollenreibungssystem<\/strong><br \/>\nVerf\u00fcgbare W\u00e4hrungen Euro, USD und eine lokale W\u00e4hrung (bis zu 5 W\u00e4hrungen)<br \/>\nZ\u00e4hlmodi Automatischer oder manueller Startmodus<br \/>\nKontinuierlicher Z\u00e4hlmodus<br \/>\nBatch-Z\u00e4hlmodus<br \/>\nNur Z\u00e4hlmodus<br \/>\nWertz\u00e4hlmodus (gemischt, einzeln, Gesicht, Ausrichtung)<br \/>\nZ\u00e4hlmodus sortieren<br \/>\nZ\u00e4hlgeschwindigkeitsstufe 1:800 Noten\/Minute<br \/>\nStufe 2: 1000 Noten\/Minute<br \/>\nStufe 3: 1200 Banknoten\/Minute (nur Z\u00e4hlung mit Falschgelderkennung)<br \/>\nStufe 4: 1500 Noten\/Minute (nur Z\u00e4hlen)<br \/>\nFalschgelderkennung UV, MG (Option), MT (Option), IR (Option)<br \/>\nW\u00e4hrungserkennung in 4 Richtungen<br \/>\nAnzeigetyp: Grafik-LCD mit blauer Hintergrundbeleuchtung<br \/>\nHopper-Kapazit\u00e4t: Bis zu 500 Banknoten<br \/>\nStapelkapazit\u00e4t: Bis zu 200 Banknoten<br \/>\nKapazit\u00e4t der Ablehnungstasche: Bis zu 100 Banknoten (Standard: 50 Banknoten)<br \/>\nZ\u00e4hlbare Scheingr\u00f6\u00dfe 40\u00d790~100\u00d7175(mm)<br \/>\nDicke 0,05\u20130,15 (mm)<br \/>\nSoftware-Update \u00fcber den PC \u00fcber den seriellen RS232-Anschluss<br \/>\nEnergiequelle? Wechselstrom 100\u2013240 Volt, 50\/60 Hz<br \/>\nStromverbrauch &lt;100 Watt<br \/>\nAbmessungen L\u00d7B\u00d7H: 340mm\u00d7310mm\u00d7295mm<br \/>\nNettogewicht: 11 kg; Brutto: 12 kg<br \/>\nWeitere Funktionen: Selbstdiagnosesystem, Drucken, Speichersicherung<br \/>\nStellen Sie die Standard-Remote-LED-Anzeige wieder her<\/p>\n<p><img fetchpriority=\"high\" decoding=\"async\" class=\"alignnone size-full wp-image-488\" src=\"https:\/\/dongbo2008.com\/wp-content\/uploads\/2023\/09\/db3000.jpg\" alt=\"\" width=\"960\" height=\"1407\" srcset=\"https:\/\/dongbo2008.com\/wp-content\/uploads\/2023\/09\/db3000.jpg 960w, https:\/\/dongbo2008.com\/wp-content\/uploads\/2023\/09\/db3000-205x300.jpg 205w, https:\/\/dongbo2008.com\/wp-content\/uploads\/2023\/09\/db3000-699x1024.jpg 699w, https:\/\/dongbo2008.com\/wp-content\/uploads\/2023\/09\/db3000-768x1126.jpg 768w, https:\/\/dongbo2008.com\/wp-content\/uploads\/2023\/09\/db3000-600x879.jpg 600w\" sizes=\"(max-width: 960px) 100vw, 960px\" \/><\/p>","protected":false},"excerpt":{"rendered":"<p>Hochleistungs-Banknotenz\u00e4hler und -sortierer<\/p>\n<p>Vorschubsystem: Rollenreibungssystem<br \/>\nTrichterkapazit\u00e4t: 500 St\u00fcck<br \/>\nKapazit\u00e4t der Ausschusstasche: 100 St\u00fcck<br \/>\nStaplerkapazit\u00e4t: 200 St\u00fcck<br \/>\nGr\u00f6\u00dfe der z\u00e4hlbaren Notiz: 50\u00d790~110\u00d7175(mm)<br \/>\nDicke der z\u00e4hlbaren Note: 0,05\u20130,15 (mm)<br \/>\nZ\u00e4hlgeschwindigkeit: 600\/ 1000\/ 1200\/ 1500 St\u00fcck\/Minute<br \/>\nVerf\u00fcgbare W\u00e4hrungen: Euro, USD, RMB und eine lokale W\u00e4hrung (bis zu 5 W\u00e4hrungen)<br \/>\nDisplaytyp: Grafik-LCD (128 x 64 Punkte)<br \/>\nFernanzeige: 6 Ziffern auf einer Fern-LED-Anzeige (optional)<br \/>\nSoftware-Update: \u00dcber den seriellen RS232-Anschluss an den PC<br \/>\nStromquelle: AC100~240 Volt, 50\/60 Hz<br \/>\nSicherungsgr\u00f6\u00dfe: 3A<br \/>\nStromverbrauch: max. 100 Watt<br \/>\nAbmessung: 340 mm \u00d7 310 mm \u00d7 295 mm<br \/>\nNettogewicht: 11,0 kg<br \/>\nUmgebungstemperatur: 0\u00b0C~40\u00b0C<br \/>\nRelative Luftfeuchtigkeit: 30~80%<\/p>","protected":false},"featured_media":489,"template":"","meta":[],"product_brand":[],"product_cat":[18],"product_tag":[],"class_list":{"0":"post-487","1":"product","2":"type-product","3":"status-publish","4":"has-post-thumbnail","6":"product_cat-currency-counter-series","8":"first","9":"instock","10":"shipping-taxable","11":"product-type-simple"},"_links":{"self":[{"href":"https:\/\/dongbo2008.com\/de\/wp-json\/wp\/v2\/product\/487","targetHints":{"allow":["GET"]}}],"collection":[{"href":"https:\/\/dongbo2008.com\/de\/wp-json\/wp\/v2\/product"}],"about":[{"href":"https:\/\/dongbo2008.com\/de\/wp-json\/wp\/v2\/types\/product"}],"wp:featuredmedia":[{"embeddable":true,"href":"https:\/\/dongbo2008.com\/de\/wp-json\/wp\/v2\/media\/489"}],"wp:attachment":[{"href":"https:\/\/dongbo2008.com\/de\/wp-json\/wp\/v2\/media?parent=487"}],"wp:term":[{"taxonomy":"product_brand","embeddable":true,"href":"https:\/\/dongbo2008.com\/de\/wp-json\/wp\/v2\/product_brand?post=487"},{"taxonomy":"product_cat","embeddable":true,"href":"https:\/\/dongbo2008.com\/de\/wp-json\/wp\/v2\/product_cat?post=487"},{"taxonomy":"product_tag","embeddable":true,"href":"https:\/\/dongbo2008.com\/de\/wp-json\/wp\/v2\/product_tag?post=487"}],"curies":[{"name":"wp","href":"https:\/\/api.w.org\/{rel}","templated":true}]}}