{"id":475,"date":"2023-09-30T01:01:03","date_gmt":"2023-09-30T01:01:03","guid":{"rendered":"https:\/\/dongbo2008.com\/?post_type=product&#038;p=475"},"modified":"2024-09-18T02:33:33","modified_gmt":"2024-09-18T02:33:33","slug":"db010","status":"publish","type":"product","link":"https:\/\/dongbo2008.com\/de\/produkt\/db010\/","title":{"rendered":"DB010 \u2013 Hochwertiger Falschgelddetektor f\u00fcr H\u00e4ndler"},"content":{"rendered":"<p>Verf\u00fcgbar f\u00fcr Banknoten, Rechnungen, Schecks, Rechnungen und andere Artikel weltweit<br \/>\nF\u00e4lschungserkennung: UV, MG und Wasserzeichen<br \/>\nUV- und wei\u00dfe Linie zur Falschgelderkennung zur \u00dcberpr\u00fcfung der Leuchtstoff- und Wasserzeichen auf den Geldscheinen<br \/>\nFehlerselbstdiagnose und St\u00f6rungsmeldung<\/p>","protected":false},"excerpt":{"rendered":"<p>UV-R\u00f6hre: 1 St\u00fcck, 4 W<br \/>\nWei\u00dfe Lichtr\u00f6hre: 1 St\u00fcck, 4 W<br \/>\nAbmessungen: 235 mm x 130 mm x 125 mm<br \/>\nNettogewicht: 1,2 kg<br \/>\nStromquelle: AC110V oder 220V, 50\/60Hz<br \/>\nVerpackung: 20 St\u00fcck\/Karton, 490 mm x 390 mm x 385 mm<br \/>\nBruttogewicht: 13 kg<\/p>","protected":false},"featured_media":601,"template":"","meta":[],"product_brand":[],"product_cat":[20],"product_tag":[],"class_list":{"0":"post-475","1":"product","2":"type-product","3":"status-publish","4":"has-post-thumbnail","6":"product_cat-counterfeit-detector-series","8":"first","9":"instock","10":"shipping-taxable","11":"product-type-simple"},"_links":{"self":[{"href":"https:\/\/dongbo2008.com\/de\/wp-json\/wp\/v2\/product\/475","targetHints":{"allow":["GET"]}}],"collection":[{"href":"https:\/\/dongbo2008.com\/de\/wp-json\/wp\/v2\/product"}],"about":[{"href":"https:\/\/dongbo2008.com\/de\/wp-json\/wp\/v2\/types\/product"}],"wp:featuredmedia":[{"embeddable":true,"href":"https:\/\/dongbo2008.com\/de\/wp-json\/wp\/v2\/media\/601"}],"wp:attachment":[{"href":"https:\/\/dongbo2008.com\/de\/wp-json\/wp\/v2\/media?parent=475"}],"wp:term":[{"taxonomy":"product_brand","embeddable":true,"href":"https:\/\/dongbo2008.com\/de\/wp-json\/wp\/v2\/product_brand?post=475"},{"taxonomy":"product_cat","embeddable":true,"href":"https:\/\/dongbo2008.com\/de\/wp-json\/wp\/v2\/product_cat?post=475"},{"taxonomy":"product_tag","embeddable":true,"href":"https:\/\/dongbo2008.com\/de\/wp-json\/wp\/v2\/product_tag?post=475"}],"curies":[{"name":"wp","href":"https:\/\/api.w.org\/{rel}","templated":true}]}}