{"id":472,"date":"2023-09-30T00:59:56","date_gmt":"2023-09-30T00:59:56","guid":{"rendered":"https:\/\/dongbo2008.com\/?post_type=product&#038;p=472"},"modified":"2024-09-18T02:33:05","modified_gmt":"2024-09-18T02:33:05","slug":"db10","status":"publish","type":"product","link":"https:\/\/dongbo2008.com\/de\/produkt\/db10\/","title":{"rendered":"DB10 \u2013 2024 Falschgelddetektoren: Ideal f\u00fcr H\u00e4ndler"},"content":{"rendered":"<p>Es ist der kleinste automatische und tragbare Detektor weltweit. Durch das kompakte Design l\u00e4sst es sich leicht und ohne Belastung transportieren. Sie k\u00f6nnen das Ger\u00e4t als Tischdetektor verwenden. Sie k\u00f6nnen die Maschine auch im Hosenbund tragen. Sie k\u00f6nnen die Maschine auch an der Schulter h\u00e4ngen.<\/p>\n<p><img fetchpriority=\"high\" decoding=\"async\" class=\"alignnone size-full wp-image-473\" src=\"https:\/\/dongbo2008.com\/wp-content\/uploads\/2023\/09\/DB10-01.jpg\" alt=\"\" width=\"960\" height=\"2042\" srcset=\"https:\/\/dongbo2008.com\/wp-content\/uploads\/2023\/09\/DB10-01.jpg 960w, https:\/\/dongbo2008.com\/wp-content\/uploads\/2023\/09\/DB10-01-141x300.jpg 141w, https:\/\/dongbo2008.com\/wp-content\/uploads\/2023\/09\/DB10-01-481x1024.jpg 481w, https:\/\/dongbo2008.com\/wp-content\/uploads\/2023\/09\/DB10-01-768x1634.jpg 768w, https:\/\/dongbo2008.com\/wp-content\/uploads\/2023\/09\/DB10-01-722x1536.jpg 722w, https:\/\/dongbo2008.com\/wp-content\/uploads\/2023\/09\/DB10-01-600x1276.jpg 600w\" sizes=\"(max-width: 960px) 100vw, 960px\" \/><\/p>","protected":false},"excerpt":{"rendered":"<p>\u25cf Testfunktionen: Infrarot, 2D-Gr\u00f6\u00dfenerkennung, Papiertransparenz<br \/>\n\u25cf AC-Versorgungsspannung: AC100V~240V 50\/60Hz<br \/>\n\u25cf DC-Versorgungsspannung: DC 9V\/1A<br \/>\n\u25cf Batterie: Wiederaufladbare Lithiumbatterie 7,4 V\/650 mAh<br \/>\n\u25cf Ladezeit: ca. 5 Stunden<br \/>\n\u25cf Ungef\u00e4hre Laufzeit: 3 Stunden (Dauerbetrieb)<br \/>\n\u25cf Stromverbrauch: &lt;10 W<br \/>\n\u25cf Geschwindigkeit: &lt;0,5 Sekunden\/Blatt<br \/>\n\u25cf Gewicht: 0,34 kg<br \/>\n\u25cf Betriebstemperatur: 0~45\u2103<br \/>\n\u25cf Lagertemperatur: -10~65\u2103<br \/>\n\u25cf Abmessung: 124 x 100 x 69 m<\/p>\n<p>Verpackungsinformationen:<br \/>\n16 St\u00fcck\/Karton, 11,4 kg\/Karton, 53,7 x 35,7 x 42 cm\/Karton<\/p>","protected":false},"featured_media":600,"template":"","meta":[],"product_brand":[],"product_cat":[20],"product_tag":[],"class_list":{"0":"post-472","1":"product","2":"type-product","3":"status-publish","4":"has-post-thumbnail","6":"product_cat-counterfeit-detector-series","8":"first","9":"instock","10":"shipping-taxable","11":"product-type-simple"},"_links":{"self":[{"href":"https:\/\/dongbo2008.com\/de\/wp-json\/wp\/v2\/product\/472","targetHints":{"allow":["GET"]}}],"collection":[{"href":"https:\/\/dongbo2008.com\/de\/wp-json\/wp\/v2\/product"}],"about":[{"href":"https:\/\/dongbo2008.com\/de\/wp-json\/wp\/v2\/types\/product"}],"wp:featuredmedia":[{"embeddable":true,"href":"https:\/\/dongbo2008.com\/de\/wp-json\/wp\/v2\/media\/600"}],"wp:attachment":[{"href":"https:\/\/dongbo2008.com\/de\/wp-json\/wp\/v2\/media?parent=472"}],"wp:term":[{"taxonomy":"product_brand","embeddable":true,"href":"https:\/\/dongbo2008.com\/de\/wp-json\/wp\/v2\/product_brand?post=472"},{"taxonomy":"product_cat","embeddable":true,"href":"https:\/\/dongbo2008.com\/de\/wp-json\/wp\/v2\/product_cat?post=472"},{"taxonomy":"product_tag","embeddable":true,"href":"https:\/\/dongbo2008.com\/de\/wp-json\/wp\/v2\/product_tag?post=472"}],"curies":[{"name":"wp","href":"https:\/\/api.w.org\/{rel}","templated":true}]}}