{"id":460,"date":"2023-09-30T01:46:25","date_gmt":"2023-09-30T01:46:25","guid":{"rendered":"https:\/\/dongbo2008.com\/?post_type=product&#038;p=460"},"modified":"2024-09-18T02:41:02","modified_gmt":"2024-09-18T02:41:02","slug":"db323","status":"publish","type":"product","link":"https:\/\/dongbo2008.com\/de\/produkt\/db323\/","title":{"rendered":"DB323 \u2013 Top-Geldf\u00e4lschungsdetektoren f\u00fcr Gro\u00dfhandel und Vertrieb"},"content":{"rendered":"<p><img fetchpriority=\"high\" decoding=\"async\" class=\"alignnone size-full wp-image-461\" src=\"https:\/\/dongbo2008.com\/wp-content\/uploads\/2023\/09\/DB323.jpg\" alt=\"\" width=\"2480\" height=\"2129\" srcset=\"https:\/\/dongbo2008.com\/wp-content\/uploads\/2023\/09\/DB323.jpg 2480w, https:\/\/dongbo2008.com\/wp-content\/uploads\/2023\/09\/DB323-300x258.jpg 300w, https:\/\/dongbo2008.com\/wp-content\/uploads\/2023\/09\/DB323-1024x879.jpg 1024w, https:\/\/dongbo2008.com\/wp-content\/uploads\/2023\/09\/DB323-768x659.jpg 768w, https:\/\/dongbo2008.com\/wp-content\/uploads\/2023\/09\/DB323-1536x1319.jpg 1536w, https:\/\/dongbo2008.com\/wp-content\/uploads\/2023\/09\/DB323-2048x1758.jpg 2048w, https:\/\/dongbo2008.com\/wp-content\/uploads\/2023\/09\/DB323-600x515.jpg 600w\" sizes=\"(max-width: 2480px) 100vw, 2480px\" \/><\/p>","protected":false},"excerpt":{"rendered":"<p>Verf\u00fcgbare W\u00e4hrungen: Bis zu 6 W\u00e4hrungsarten, EURO, USD und andere<br \/>\nEinsteckrichtung: eine Richtung<br \/>\nErkennungsgeschwindigkeit: &lt;0,5 Sekunden\/St\u00fcck<br \/>\nAnzeigetyp: LED<br \/>\nFalschgelderkennung: IR, MG, Wasserzeichen<br \/>\nAuswurfrichtung: Hinten oder vorne<br \/>\nKonnektivit\u00e4tsschnittstelle: RJ11 (mit PC verbinden, um den Diskriminator zu aktualisieren)<br \/>\nStromquelle: Adapter, Eingang: AC100V~240V, 50\/60Hz; Ausgang DC12V, 1A<br \/>\nBatterie (optional): Wiederaufladbarer Lithium-Ionen-Akku, 12 V, 700 mAh (Erkennung von ca. 2.500 Scheinen)<br \/>\nStromverbrauch: Standby, &lt;1W; Betrieb: &lt; 10 W<br \/>\nUmgebungstemperatur: 0\u00b0C~40\u00b0C<br \/>\nRelative Luftfeuchtigkeit: 30%~80%<br \/>\nAbmessungen: 200 mm x 115 mm x 76 mm<br \/>\nNettogewicht: 0,6 kg<br \/>\nVerpackung: 12 St\u00fcck\/Karton, 540 mm x 385 mm x 315 mm<br \/>\nBruttogewicht: 12 kg<\/p>","protected":false},"featured_media":462,"template":"","meta":[],"product_brand":[],"product_cat":[20],"product_tag":[],"class_list":{"0":"post-460","1":"product","2":"type-product","3":"status-publish","4":"has-post-thumbnail","6":"product_cat-counterfeit-detector-series","8":"first","9":"instock","10":"shipping-taxable","11":"product-type-simple"},"_links":{"self":[{"href":"https:\/\/dongbo2008.com\/de\/wp-json\/wp\/v2\/product\/460","targetHints":{"allow":["GET"]}}],"collection":[{"href":"https:\/\/dongbo2008.com\/de\/wp-json\/wp\/v2\/product"}],"about":[{"href":"https:\/\/dongbo2008.com\/de\/wp-json\/wp\/v2\/types\/product"}],"wp:featuredmedia":[{"embeddable":true,"href":"https:\/\/dongbo2008.com\/de\/wp-json\/wp\/v2\/media\/462"}],"wp:attachment":[{"href":"https:\/\/dongbo2008.com\/de\/wp-json\/wp\/v2\/media?parent=460"}],"wp:term":[{"taxonomy":"product_brand","embeddable":true,"href":"https:\/\/dongbo2008.com\/de\/wp-json\/wp\/v2\/product_brand?post=460"},{"taxonomy":"product_cat","embeddable":true,"href":"https:\/\/dongbo2008.com\/de\/wp-json\/wp\/v2\/product_cat?post=460"},{"taxonomy":"product_tag","embeddable":true,"href":"https:\/\/dongbo2008.com\/de\/wp-json\/wp\/v2\/product_tag?post=460"}],"curies":[{"name":"wp","href":"https:\/\/api.w.org\/{rel}","templated":true}]}}