{"id":434,"date":"2023-09-28T03:28:05","date_gmt":"2023-09-28T03:28:05","guid":{"rendered":"https:\/\/dongbo2008.com\/?post_type=product&#038;p=434"},"modified":"2024-09-18T02:27:50","modified_gmt":"2024-09-18T02:27:50","slug":"db310b","status":"publish","type":"product","link":"https:\/\/dongbo2008.com\/de\/produkt\/db310b\/","title":{"rendered":"DB310B \u2013 Scheckschreiber mit dem besten Preis-Leistungs-Verh\u00e4ltnis: Budgetfreundliche Optionen von chinesischen Herstellern"},"content":{"rendered":"<p>Drucken Sie 16 verschiedene W\u00e4hrungscodes und Bankleitzahlen aus<br \/>\nTastaturbedienung, schnell und pr\u00e4zise zu bedienen<br \/>\n14-stelliges LCD-Display, klar und einfach, die Nummer zu \u00fcberpr\u00fcfen<br \/>\nKlare Pr\u00e4gefiguren und Spezialtinte sch\u00fctzen vor Ver\u00e4nderung oder Verf\u00e4lschung<br \/>\nDie Anzahl der ausgestellten Schecks und der Gesamtbetrag werden automatisch gespeichert<br \/>\nDie gleiche Menge kann wiederholt ausgedruckt werden, eine zweite Eingabe ist nicht erforderlich<br \/>\nDie Schreibposition ist durch Anpassen des H\u00e4kchens frei w\u00e4hlbar<br \/>\n\u201eR\u00fccktaste\u201c zum Korrigieren falsch eingegebener Zahlen<br \/>\nKann als Taschenrechner verwendet werden. Die Berechnung kann sofort ausgedruckt werden<\/p>","protected":false},"excerpt":{"rendered":"<p>Drucken Sie 16 verschiedene W\u00e4hrungscodes wie EUR, GBP, USD, HKD usw.<\/p>\n<p>Abmessungen: 245 mm x 185 mm x 105 mm<br \/>\nNettogewicht: 2,2 kg<br \/>\nVerpackung: 4 St\u00fcck\/Karton<br \/>\nKartongr\u00f6\u00dfe: 520 mm x 300 mm x 345 mm<br \/>\nBruttogewicht: 11,2 kg<br \/>\nStromquelle: AC110V, 60Hz oder AC220V, 50Hz<br \/>\nStromverbrauch: 20 W w\u00e4hrend des Betriebs<\/p>","protected":false},"featured_media":632,"template":"","meta":[],"product_brand":[],"product_cat":[19],"product_tag":[],"class_list":{"0":"post-434","1":"product","2":"type-product","3":"status-publish","4":"has-post-thumbnail","6":"product_cat-check-writer-series","8":"first","9":"instock","10":"shipping-taxable","11":"product-type-simple"},"_links":{"self":[{"href":"https:\/\/dongbo2008.com\/de\/wp-json\/wp\/v2\/product\/434","targetHints":{"allow":["GET"]}}],"collection":[{"href":"https:\/\/dongbo2008.com\/de\/wp-json\/wp\/v2\/product"}],"about":[{"href":"https:\/\/dongbo2008.com\/de\/wp-json\/wp\/v2\/types\/product"}],"wp:featuredmedia":[{"embeddable":true,"href":"https:\/\/dongbo2008.com\/de\/wp-json\/wp\/v2\/media\/632"}],"wp:attachment":[{"href":"https:\/\/dongbo2008.com\/de\/wp-json\/wp\/v2\/media?parent=434"}],"wp:term":[{"taxonomy":"product_brand","embeddable":true,"href":"https:\/\/dongbo2008.com\/de\/wp-json\/wp\/v2\/product_brand?post=434"},{"taxonomy":"product_cat","embeddable":true,"href":"https:\/\/dongbo2008.com\/de\/wp-json\/wp\/v2\/product_cat?post=434"},{"taxonomy":"product_tag","embeddable":true,"href":"https:\/\/dongbo2008.com\/de\/wp-json\/wp\/v2\/product_tag?post=434"}],"curies":[{"name":"wp","href":"https:\/\/api.w.org\/{rel}","templated":true}]}}