{"id":423,"date":"2023-09-28T03:11:30","date_gmt":"2023-09-28T03:11:30","guid":{"rendered":"https:\/\/dongbo2008.com\/?post_type=product&#038;p=423"},"modified":"2024-09-18T02:26:35","modified_gmt":"2024-09-18T02:26:35","slug":"db150","status":"publish","type":"product","link":"https:\/\/dongbo2008.com\/de\/produkt\/db150\/","title":{"rendered":"DB150 \u2013 Banknotenz\u00e4hler-Serie: Ideal f\u00fcr produzierende Gro\u00dfh\u00e4ndler"},"content":{"rendered":"<p><strong>W\u00c4HLEN SIE JETZT IHR INTERESSE<\/strong><\/p>\n<table border=\"1\" cellspacing=\"0\" cellpadding=\"1\">\n<tbody>\n<tr>\n<td><strong>MODELL<\/strong><\/td>\n<td><strong>OPTIONALE FUNKTIONEN<\/strong><\/td>\n<\/tr>\n<tr>\n<td>DB150<\/td>\n<td>Grundmodell, Grundfunktionen<\/td>\n<\/tr>\n<tr>\n<td>DB150 UV<\/td>\n<td>UV-Erkennung<\/td>\n<\/tr>\n<tr>\n<td>DB150 MG<\/td>\n<td>MG-Erkennung<\/td>\n<\/tr>\n<tr>\n<td>DB150 UV MG<\/td>\n<td>UV-MG-Erkennung<\/td>\n<\/tr>\n<\/tbody>\n<\/table>\n<p><img fetchpriority=\"high\" decoding=\"async\" class=\"alignnone size-full wp-image-424\" src=\"https:\/\/dongbo2008.com\/wp-content\/uploads\/2023\/09\/DB150.jpg\" alt=\"\" width=\"960\" height=\"1479\" srcset=\"https:\/\/dongbo2008.com\/wp-content\/uploads\/2023\/09\/DB150.jpg 960w, https:\/\/dongbo2008.com\/wp-content\/uploads\/2023\/09\/DB150-195x300.jpg 195w, https:\/\/dongbo2008.com\/wp-content\/uploads\/2023\/09\/DB150-665x1024.jpg 665w, https:\/\/dongbo2008.com\/wp-content\/uploads\/2023\/09\/DB150-768x1183.jpg 768w, https:\/\/dongbo2008.com\/wp-content\/uploads\/2023\/09\/DB150-600x924.jpg 600w\" sizes=\"(max-width: 960px) 100vw, 960px\" \/><\/p>","protected":false},"excerpt":{"rendered":"<p>Das Wort initiierend, neue Konzeption, neues Design.<\/p>\n<p>Umgebungstemperatur: 0\u00b0C~40\u00b0C<br \/>\nUmgebungsfeuchtigkeit: 30~80%<br \/>\nVorschubsystem: Rollenreibungssystem<br \/>\nTrichterkapazit\u00e4t: 200 St\u00fcck<br \/>\nStaplerkapazit\u00e4t: 200 St\u00fcck<br \/>\nZ\u00e4hlgeschwindigkeit: 1000 St\u00fcck\/Minute<br \/>\nGr\u00f6\u00dfe der z\u00e4hlbaren Notiz: 50\u00d7100~100\u00d7175 (mm)<br \/>\nDicke der z\u00e4hlbaren Note: 0,06\u20130,12 (mm)<br \/>\nAnzeige der Chargen-Voreinstellungsnummer: 3-stellige LED<br \/>\nZ\u00e4hlzahlanzeige: 4-stellige LED<br \/>\nStromquelle: AC220V\/50Hz oder AC110V\/60Hz<br \/>\nStromverbrauch: &lt;70W<br \/>\nAbmessungen: 289 mm x 252 mm x 190 mm<br \/>\nNettogewicht: 8,0 kg<br \/>\nEmpfindlichkeit der H\u00f6henerkennung: 4\/5\/6 \u00b1 1 mm<\/p>","protected":false},"featured_media":425,"template":"","meta":[],"product_brand":[],"product_cat":[18],"product_tag":[],"class_list":{"0":"post-423","1":"product","2":"type-product","3":"status-publish","4":"has-post-thumbnail","6":"product_cat-currency-counter-series","8":"first","9":"instock","10":"shipping-taxable","11":"product-type-simple"},"_links":{"self":[{"href":"https:\/\/dongbo2008.com\/de\/wp-json\/wp\/v2\/product\/423","targetHints":{"allow":["GET"]}}],"collection":[{"href":"https:\/\/dongbo2008.com\/de\/wp-json\/wp\/v2\/product"}],"about":[{"href":"https:\/\/dongbo2008.com\/de\/wp-json\/wp\/v2\/types\/product"}],"wp:featuredmedia":[{"embeddable":true,"href":"https:\/\/dongbo2008.com\/de\/wp-json\/wp\/v2\/media\/425"}],"wp:attachment":[{"href":"https:\/\/dongbo2008.com\/de\/wp-json\/wp\/v2\/media?parent=423"}],"wp:term":[{"taxonomy":"product_brand","embeddable":true,"href":"https:\/\/dongbo2008.com\/de\/wp-json\/wp\/v2\/product_brand?post=423"},{"taxonomy":"product_cat","embeddable":true,"href":"https:\/\/dongbo2008.com\/de\/wp-json\/wp\/v2\/product_cat?post=423"},{"taxonomy":"product_tag","embeddable":true,"href":"https:\/\/dongbo2008.com\/de\/wp-json\/wp\/v2\/product_tag?post=423"}],"curies":[{"name":"wp","href":"https:\/\/api.w.org\/{rel}","templated":true}]}}