{"id":418,"date":"2023-10-03T02:41:11","date_gmt":"2023-10-03T02:41:11","guid":{"rendered":"https:\/\/dongbo2008.com\/?post_type=product&#038;p=418"},"modified":"2024-09-18T02:46:10","modified_gmt":"2024-09-18T02:46:10","slug":"db550","status":"publish","type":"product","link":"https:\/\/dongbo2008.com\/de\/produkt\/db550\/","title":{"rendered":"DB550 \u2013 Leistungsstarker Geldz\u00e4hler f\u00fcr Fertigung und Gro\u00dfhandel"},"content":{"rendered":"<p><strong>Z\u00e4hlmodi:<\/strong><\/p>\n<p>Kontinuierlicher Z\u00e4hlmodus,<\/p>\n<p>Batch-Z\u00e4hlmodus,<\/p>\n<p>Wertz\u00e4hlmodus,<\/p>\n<p>Automatischer oder manueller Startmodus<\/p>\n<p><strong>Erkennungsmodi:<\/strong><\/p>\n<p>Doppelerkennung, Breitenerkennung, H\u00f6henerkennungsmodus<\/p>\n<p>UV-F\u00e4lschungserkennungsmodus, MG-F\u00e4lschungserkennung,<\/p>\n<p>Erkennung gef\u00e4lschter Metallf\u00e4den (optional),<\/p>\n<p>MT-CODE-F\u00e4lschungserkennung (optional),<\/p>\n<p>IR-F\u00e4lschungserkennungsmodus (optional)<\/p>\n<p>Speichersicherung: Funktionseinstellungsspeicher, Stapeleinstellungsspeicher<\/p>\n<p>Druckfunktion: Bericht des Z\u00e4hlergebnisses mit Drucker drucken (Option)<\/p>\n<p>Datenschnittstelle: Micro-USB-Anschluss, serieller RS-232-Anschluss<\/p>\n<p>Stromquelle: 100\u2013240 Volt Wechselstrom, 50\/60 Hz<\/p>\n<p>Sicherungsgr\u00f6\u00dfe: 3A<\/p>\n<p>Stromverbrauch: &lt;55 Watt<\/p>\n<p>Abmessungen: 275 mm \u00d7 227 mm \u00d7 195 mm<\/p>\n<p>Gewicht: 6,0 kg<\/p>\n<p>Umgebungstemperatur: 0~40\u2103<\/p>\n<p>Relative Luftfeuchtigkeit: 30~80%<\/p>\n<p><img fetchpriority=\"high\" decoding=\"async\" class=\"alignnone size-full wp-image-419\" src=\"https:\/\/dongbo2008.com\/wp-content\/uploads\/2023\/09\/DB550-4-scaled.jpg\" alt=\"\" width=\"520\" height=\"2560\" srcset=\"https:\/\/dongbo2008.com\/wp-content\/uploads\/2023\/09\/DB550-4-scaled.jpg 520w, https:\/\/dongbo2008.com\/wp-content\/uploads\/2023\/09\/DB550-4-61x300.jpg 61w, https:\/\/dongbo2008.com\/wp-content\/uploads\/2023\/09\/DB550-4-208x1024.jpg 208w, https:\/\/dongbo2008.com\/wp-content\/uploads\/2023\/09\/DB550-4-768x3779.jpg 768w, https:\/\/dongbo2008.com\/wp-content\/uploads\/2023\/09\/DB550-4-312x1536.jpg 312w, https:\/\/dongbo2008.com\/wp-content\/uploads\/2023\/09\/DB550-4-416x2048.jpg 416w, https:\/\/dongbo2008.com\/wp-content\/uploads\/2023\/09\/DB550-4-600x2953.jpg 600w\" sizes=\"(max-width: 520px) 100vw, 520px\" \/><\/p>","protected":false},"excerpt":{"rendered":"<p>Frontlader, Hochgeschwindigkeits- und Hochleistungs-Banknotenz\u00e4hler<\/p>\n<p>Vorschubsystem: Roller Friction System<br \/>\nHopper-Kapazit\u00e4t: 300 Blatt\/Banknoten<br \/>\nStapelkapazit\u00e4t: 200 Blatt\/Notizen<br \/>\nZ\u00e4hlbare Notiz: Gr\u00f6\u00dfe 50\u00d790~110\u00d7175(mm) Dicke 0,05~0,15(mm)<br \/>\nZ\u00e4hlgeschwindigkeit: 600 Noten\/min, 1000 Noten\/min,<br \/>\n1200 Noten\/Min., 1600 Noten\/Min. (nur Z\u00e4hlen)<br \/>\nFernanzeige: 6 Ziffern auf einer Fern-LED-Anzeige (optional)<\/p>","protected":false},"featured_media":610,"template":"","meta":[],"product_brand":[],"product_cat":[18],"product_tag":[],"class_list":{"0":"post-418","1":"product","2":"type-product","3":"status-publish","4":"has-post-thumbnail","6":"product_cat-currency-counter-series","8":"first","9":"instock","10":"shipping-taxable","11":"product-type-simple"},"_links":{"self":[{"href":"https:\/\/dongbo2008.com\/de\/wp-json\/wp\/v2\/product\/418","targetHints":{"allow":["GET"]}}],"collection":[{"href":"https:\/\/dongbo2008.com\/de\/wp-json\/wp\/v2\/product"}],"about":[{"href":"https:\/\/dongbo2008.com\/de\/wp-json\/wp\/v2\/types\/product"}],"wp:featuredmedia":[{"embeddable":true,"href":"https:\/\/dongbo2008.com\/de\/wp-json\/wp\/v2\/media\/610"}],"wp:attachment":[{"href":"https:\/\/dongbo2008.com\/de\/wp-json\/wp\/v2\/media?parent=418"}],"wp:term":[{"taxonomy":"product_brand","embeddable":true,"href":"https:\/\/dongbo2008.com\/de\/wp-json\/wp\/v2\/product_brand?post=418"},{"taxonomy":"product_cat","embeddable":true,"href":"https:\/\/dongbo2008.com\/de\/wp-json\/wp\/v2\/product_cat?post=418"},{"taxonomy":"product_tag","embeddable":true,"href":"https:\/\/dongbo2008.com\/de\/wp-json\/wp\/v2\/product_tag?post=418"}],"curies":[{"name":"wp","href":"https:\/\/api.w.org\/{rel}","templated":true}]}}